{"id":12,"date":"2024-10-05T15:55:13","date_gmt":"2024-10-05T15:55:13","guid":{"rendered":"http:\/\/amelbeslagic.com\/?page_id=12"},"modified":"2024-11-09T20:26:32","modified_gmt":"2024-11-09T20:26:32","slug":"biografija","status":"publish","type":"page","link":"https:\/\/amelbeslagic.com\/en\/biografija\/","title":{"rendered":"Biography"},"content":{"rendered":"<div class=\"wp-block-columns alignwide is-layout-flex wp-container-core-columns-is-layout-28f84493 wp-block-columns-is-layout-flex\">\n<div class=\"wp-block-column is-layout-flow wp-block-column-is-layout-flow\">\n<figure class=\"wp-block-image size-full\"><img loading=\"lazy\" decoding=\"async\" width=\"1707\" height=\"2560\" src=\"http:\/\/amelbeslagic.com\/wp-content\/uploads\/2024\/10\/HB2A2794-4-scaled.jpg\" alt=\"\" class=\"wp-image-83\" srcset=\"https:\/\/amelbeslagic.com\/wp-content\/uploads\/2024\/10\/HB2A2794-4-scaled.jpg 1707w, https:\/\/amelbeslagic.com\/wp-content\/uploads\/2024\/10\/HB2A2794-4-200x300.jpg 200w, https:\/\/amelbeslagic.com\/wp-content\/uploads\/2024\/10\/HB2A2794-4-683x1024.jpg 683w, https:\/\/amelbeslagic.com\/wp-content\/uploads\/2024\/10\/HB2A2794-4-768x1152.jpg 768w, https:\/\/amelbeslagic.com\/wp-content\/uploads\/2024\/10\/HB2A2794-4-1024x1536.jpg 1024w, https:\/\/amelbeslagic.com\/wp-content\/uploads\/2024\/10\/HB2A2794-4-1365x2048.jpg 1365w\" sizes=\"auto, (max-width: 1707px) 100vw, 1707px\" \/><\/figure>\n<\/div>\n\n\n\n<div class=\"wp-block-column is-layout-flow wp-block-column-is-layout-flow\">\n<p class=\"o-typing-fast has-afacad-font-family has-medium-font-size\" style=\"padding-right:var(--wp--preset--spacing--50);padding-left:var(--wp--preset--spacing--50)\"><o-anim-typing>BIOGRAPHY<\/o-anim-typing><\/p>\n\n\n\n<p class=\"o-typing-fast has-afacad-font-family has-normal-font-size\" style=\"padding-right:var(--wp--preset--spacing--50);padding-left:var(--wp--preset--spacing--50)\">Amel Be\u0161lagi\u0107 was born in Prijedor, Bosnia and Herzegovina. He graduated in architecture from Yildiz Technical University in Istanbul, Turkey, and then pursued a master's degree in architecture at Graz University of Technology in Austria.<\/p>\n\n\n\n<p class=\"o-typing-fast has-afacad-font-family has-normal-font-size\" style=\"padding-right:var(--wp--preset--spacing--50);padding-left:var(--wp--preset--spacing--50)\"><br>His role as an assistant at the Institute for Contemporary Art at the Graz University of Technology allowed him to combine his interests in architecture and analogue photography, which he uses as a research tool to document the socio-political environment of Prijedor, exploring its complex narratives through various photographic methods.<\/p>\n\n\n\n<p class=\"o-typing-fast has-afacad-font-family has-normal-font-size\" style=\"padding-right:var(--wp--preset--spacing--50);padding-left:var(--wp--preset--spacing--50)\"><br>As part of the multimedia exhibition \"Four Faces of Omarska,\" he exhibited his works in Belgrade and Berlin. In addition, his works were shown at exhibitions in Kozarac, Sarajevo, and Graz. Amel continuously focuses on the relationship between architecture and the social context in which it exists, contributing to the understanding of his hometown and its challenges.<\/p>\n\n\n\n<p class=\"o-typing-fast has-afacad-font-family has-normal-font-size\" style=\"padding-right:var(--wp--preset--spacing--50);padding-left:var(--wp--preset--spacing--50)\"><\/p>\n\n\n\n<p class=\"o-typing-fast has-afacad-font-family has-normal-font-size\" style=\"padding-right:var(--wp--preset--spacing--50);padding-left:var(--wp--preset--spacing--50)\"><\/p>\n<\/div>\n<\/div>\n\n\n\n<p><\/p>","protected":false},"excerpt":{"rendered":"<p>BIOGRAFIJA Amel Be\u0161lagi\u0107 je ro\u0111en u Prijedoru, Bosna i Hercegovina. Diplomirao je arhitekturu na Tehni\u010dkom Univerzitetu Yildiz u Istanbulu-Turska, nakon \u010dega upisuje master arhitekture na Tehni\u010dkom Univerzitetu Graz u Austriji. Rade\u0107i kao asistent na Institutu za savremenu umjetnost na Tehni\u010dkom Univerzitetu Graz, dolazi u priliku da kombinuje interese za arhitekturu i analognu fotografiju, \u0161to je [&hellip;]<\/p>\n","protected":false},"author":1,"featured_media":83,"parent":0,"menu_order":0,"comment_status":"closed","ping_status":"closed","template":"","meta":{"_themeisle_gutenberg_block_has_review":false,"footnotes":""},"class_list":["post-12","page","type-page","status-publish","has-post-thumbnail","hentry"],"_links":{"self":[{"href":"https:\/\/amelbeslagic.com\/en\/wp-json\/wp\/v2\/pages\/12","targetHints":{"allow":["GET"]}}],"collection":[{"href":"https:\/\/amelbeslagic.com\/en\/wp-json\/wp\/v2\/pages"}],"about":[{"href":"https:\/\/amelbeslagic.com\/en\/wp-json\/wp\/v2\/types\/page"}],"author":[{"embeddable":true,"href":"https:\/\/amelbeslagic.com\/en\/wp-json\/wp\/v2\/users\/1"}],"replies":[{"embeddable":true,"href":"https:\/\/amelbeslagic.com\/en\/wp-json\/wp\/v2\/comments?post=12"}],"version-history":[{"count":26,"href":"https:\/\/amelbeslagic.com\/en\/wp-json\/wp\/v2\/pages\/12\/revisions"}],"predecessor-version":[{"id":527,"href":"https:\/\/amelbeslagic.com\/en\/wp-json\/wp\/v2\/pages\/12\/revisions\/527"}],"wp:featuredmedia":[{"embeddable":true,"href":"https:\/\/amelbeslagic.com\/en\/wp-json\/wp\/v2\/media\/83"}],"wp:attachment":[{"href":"https:\/\/amelbeslagic.com\/en\/wp-json\/wp\/v2\/media?parent=12"}],"curies":[{"name":"wp","href":"https:\/\/api.w.org\/{rel}","templated":true}]}}