{"id":159,"date":"2024-10-05T15:57:44","date_gmt":"2024-10-05T15:57:44","guid":{"rendered":"http:\/\/amelbeslagic.com\/?page_id=159"},"modified":"2024-11-07T22:36:42","modified_gmt":"2024-11-07T22:36:42","slug":"komsiluk-i-susjedstvo","status":"publish","type":"page","link":"https:\/\/amelbeslagic.com\/en\/projekti\/komsiluk-i-susjedstvo\/","title":{"rendered":"Neighborhood - Kom\u0161iluk i susjedstvo"},"content":{"rendered":"<div class=\"wp-block-columns alignfull are-vertically-aligned-top is-layout-flex wp-container-core-columns-is-layout-28f84493 wp-block-columns-is-layout-flex\">\n<div class=\"wp-block-column is-vertically-aligned-top is-layout-flow wp-block-column-is-layout-flow\" style=\"flex-basis:33.33%\">\n<div class=\"wp-block-group is-content-justification-left is-nowrap is-layout-flex wp-container-core-group-is-layout-ad866115 wp-block-group-is-layout-flex\" style=\"padding-right:var(--wp--preset--spacing--30);padding-left:var(--wp--preset--spacing--30)\">\n<div id=\"wp-block-themeisle-blocks-font-awesome-icons-b622c58b\" class=\"wp-block-themeisle-blocks-font-awesome-icons\"><span class=\"wp-block-themeisle-blocks-font-awesome-icons-container\"><a href=\"http:\/\/amelbeslagic.com\/en\/\" target=\"_self\" rel=\"noopener noreferrer\"><i class=\"fas fa-chevron-left\"><\/i><\/a><\/span><\/div>\n\n\n\n<p class=\"has-text-color has-link-color has-afacad-font-family wp-elements-1df6a95d57684d43e1599329b8c6c8e0\" style=\"color:#cfcfcf;font-size:clamp(14px, 0.875rem + ((1vw - 3.2px) * 0.488), 18px);font-style:normal;font-weight:100\">projects<\/p>\n<\/div>\n<\/div>\n<\/div>\n\n\n\n<div class=\"wp-block-columns alignwide is-layout-flex wp-container-core-columns-is-layout-28f84493 wp-block-columns-is-layout-flex\">\n<div class=\"wp-block-column is-layout-flow wp-block-column-is-layout-flow\">\n<h2 id=\"wp-block-themeisle-blocks-advanced-heading-6c9fe4b2\" class=\"wp-block-themeisle-blocks-advanced-heading wp-block-themeisle-blocks-advanced-heading-6c9fe4b2 o-typing-fast\"><o-anim-typing>NEIGHBORHOOD - KOM\u0160ILUK I SUSJEDSTVO<\/o-anim-typing><\/h2>\n\n\n\n<p class=\"has-text-color has-link-color has-afacad-font-family wp-elements-ee4de7996d1332766b27a02ffaf024a1\" style=\"color:#cfcfcf;font-style:normal;font-weight:300\">Date: 01.04.2024<br>Location: Kozarac, Bosnia &amp; Hercegovina<\/p>\n\n\n\n<p class=\"has-text-align-left o-typing-delay-4s has-text-color has-link-color has-afacad-font-family wp-elements-977126986c14b1496d60552d81dab7ac\" style=\"color:#cfcfcf;font-style:normal;font-weight:300\">\u200b\u200b\u201cKOM\u0160ILUK I SUSJEDSTVO\u201d depicts architecturally constrained spaces intertwined with human lives and their destinies. The photographic series depicts an average small community in Bosnia and Herzegovina, a region that has witnessed infrastructure destruction, population displacement due to war, their return and reconstruction efforts, followed by years of enthusiasm, and ultimately, a new wave of migrations due to economic challenges and pervasive globalization in the last thirty years.<\/p>\n\n\n\n<p class=\"has-text-align-left o-typing-delay-4s has-text-color has-link-color has-afacad-font-family wp-elements-f433d4e52a65b69203c172ed7d356594\" style=\"color:#cfcfcf;font-style:normal;font-weight:300\">Such sequences of events have transformed small communities into global entities, scattered from north to south, east to west, yet connected by their shared past. Thus forming a unique 'kom\u0161iluk' or 'susjedstvo', which underscores the profound differences in interpretation and experience based on the reader's country of origin, often a poignant reminder of historical and cultural contexts.<\/p>\n\n\n\n<div style=\"height:67px\" aria-hidden=\"true\" class=\"wp-block-spacer\"><\/div>\n<\/div>\n<\/div>\n\n\n\n<div class=\"wp-block-columns alignwide is-layout-flex wp-container-core-columns-is-layout-28f84493 wp-block-columns-is-layout-flex\">\n<div class=\"wp-block-column is-layout-flow wp-block-column-is-layout-flow\">\n<figure class=\"wp-block-gallery alignwide has-nested-images columns-2 is-cropped animated fadeIn delay-200ms wp-block-gallery-1 is-layout-flex wp-block-gallery-is-layout-flex\">\n<figure data-wp-context=\"{&quot;imageId&quot;:&quot;69eb3f1238b1a&quot;}\" data-wp-interactive=\"core\/image\" data-wp-key=\"69eb3f1238b1a\" class=\"wp-block-image size-full wp-lightbox-container\"><img loading=\"lazy\" decoding=\"async\" width=\"2560\" height=\"1920\" data-wp-class--hide=\"state.isContentHidden\" data-wp-class--show=\"state.isContentVisible\" data-wp-init=\"callbacks.setButtonStyles\" data-wp-on--click=\"actions.showLightbox\" data-wp-on--load=\"callbacks.setButtonStyles\" data-wp-on-window--resize=\"callbacks.setButtonStyles\" data-id=\"163\" src=\"http:\/\/amelbeslagic.com\/wp-content\/uploads\/2024\/10\/4-scaled.jpg\" alt=\"\" class=\"wp-image-163\" srcset=\"https:\/\/amelbeslagic.com\/wp-content\/uploads\/2024\/10\/4-scaled.jpg 2560w, https:\/\/amelbeslagic.com\/wp-content\/uploads\/2024\/10\/4-300x225.jpg 300w, https:\/\/amelbeslagic.com\/wp-content\/uploads\/2024\/10\/4-1024x768.jpg 1024w, https:\/\/amelbeslagic.com\/wp-content\/uploads\/2024\/10\/4-768x576.jpg 768w, https:\/\/amelbeslagic.com\/wp-content\/uploads\/2024\/10\/4-1536x1152.jpg 1536w, https:\/\/amelbeslagic.com\/wp-content\/uploads\/2024\/10\/4-2048x1536.jpg 2048w\" sizes=\"auto, (max-width: 2560px) 100vw, 2560px\" \/><button\n\t\t\tclass=\"lightbox-trigger\"\n\t\t\ttype=\"button\"\n\t\t\taria-haspopup=\"dialog\"\n\t\t\taria-label=\"Enlarge\"\n\t\t\tdata-wp-init=\"callbacks.initTriggerButton\"\n\t\t\tdata-wp-on--click=\"actions.showLightbox\"\n\t\t\tdata-wp-style--right=\"state.imageButtonRight\"\n\t\t\tdata-wp-style--top=\"state.imageButtonTop\"\n\t\t>\n\t\t\t<svg xmlns=\"http:\/\/www.w3.org\/2000\/svg\" width=\"12\" height=\"12\" fill=\"none\" viewbox=\"0 0 12 12\">\n\t\t\t\t<path fill=\"#fff\" d=\"M2 0a2 2 0 0 0-2 2v2h1.5V2a.5.5 0 0 1 .5-.5h2V0H2Zm2 10.5H2a.5.5 0 0 1-.5-.5V8H0v2a2 2 0 0 0 2 2h2v-1.5ZM8 12v-1.5h2a.5.5 0 0 0 .5-.5V8H12v2a2 2 0 0 1-2 2H8Zm2-12a2 2 0 0 1 2 2v2h-1.5V2a.5.5 0 0 0-.5-.5H8V0h2Z\" \/>\n\t\t\t<\/svg>\n\t\t<\/button><\/figure>\n\n\n\n<figure data-wp-context=\"{&quot;imageId&quot;:&quot;69eb3f123717c&quot;}\" data-wp-interactive=\"core\/image\" data-wp-key=\"69eb3f123717c\" class=\"wp-block-image size-full wp-lightbox-container\"><img loading=\"lazy\" decoding=\"async\" width=\"2560\" height=\"1920\" data-wp-class--hide=\"state.isContentHidden\" data-wp-class--show=\"state.isContentVisible\" data-wp-init=\"callbacks.setButtonStyles\" data-wp-on--click=\"actions.showLightbox\" data-wp-on--load=\"callbacks.setButtonStyles\" data-wp-on-window--resize=\"callbacks.setButtonStyles\" data-id=\"165\" src=\"http:\/\/amelbeslagic.com\/wp-content\/uploads\/2024\/10\/1-scaled.jpg\" alt=\"\" class=\"wp-image-165\" srcset=\"https:\/\/amelbeslagic.com\/wp-content\/uploads\/2024\/10\/1-scaled.jpg 2560w, https:\/\/amelbeslagic.com\/wp-content\/uploads\/2024\/10\/1-300x225.jpg 300w, https:\/\/amelbeslagic.com\/wp-content\/uploads\/2024\/10\/1-1024x768.jpg 1024w, https:\/\/amelbeslagic.com\/wp-content\/uploads\/2024\/10\/1-768x576.jpg 768w, https:\/\/amelbeslagic.com\/wp-content\/uploads\/2024\/10\/1-1536x1152.jpg 1536w, https:\/\/amelbeslagic.com\/wp-content\/uploads\/2024\/10\/1-2048x1536.jpg 2048w\" sizes=\"auto, (max-width: 2560px) 100vw, 2560px\" \/><button\n\t\t\tclass=\"lightbox-trigger\"\n\t\t\ttype=\"button\"\n\t\t\taria-haspopup=\"dialog\"\n\t\t\taria-label=\"Enlarge\"\n\t\t\tdata-wp-init=\"callbacks.initTriggerButton\"\n\t\t\tdata-wp-on--click=\"actions.showLightbox\"\n\t\t\tdata-wp-style--right=\"state.imageButtonRight\"\n\t\t\tdata-wp-style--top=\"state.imageButtonTop\"\n\t\t>\n\t\t\t<svg xmlns=\"http:\/\/www.w3.org\/2000\/svg\" width=\"12\" height=\"12\" fill=\"none\" viewbox=\"0 0 12 12\">\n\t\t\t\t<path fill=\"#fff\" d=\"M2 0a2 2 0 0 0-2 2v2h1.5V2a.5.5 0 0 1 .5-.5h2V0H2Zm2 10.5H2a.5.5 0 0 1-.5-.5V8H0v2a2 2 0 0 0 2 2h2v-1.5ZM8 12v-1.5h2a.5.5 0 0 0 .5-.5V8H12v2a2 2 0 0 1-2 2H8Zm2-12a2 2 0 0 1 2 2v2h-1.5V2a.5.5 0 0 0-.5-.5H8V0h2Z\" \/>\n\t\t\t<\/svg>\n\t\t<\/button><\/figure>\n\n\n\n<figure data-wp-context=\"{&quot;imageId&quot;:&quot;69eb3f12382fe&quot;}\" data-wp-interactive=\"core\/image\" data-wp-key=\"69eb3f12382fe\" class=\"wp-block-image size-full wp-lightbox-container\"><img loading=\"lazy\" decoding=\"async\" width=\"2560\" height=\"1920\" data-wp-class--hide=\"state.isContentHidden\" data-wp-class--show=\"state.isContentVisible\" data-wp-init=\"callbacks.setButtonStyles\" data-wp-on--click=\"actions.showLightbox\" data-wp-on--load=\"callbacks.setButtonStyles\" data-wp-on-window--resize=\"callbacks.setButtonStyles\" data-id=\"162\" src=\"http:\/\/amelbeslagic.com\/wp-content\/uploads\/2024\/10\/3-scaled.jpg\" alt=\"\" class=\"wp-image-162\" srcset=\"https:\/\/amelbeslagic.com\/wp-content\/uploads\/2024\/10\/3-scaled.jpg 2560w, https:\/\/amelbeslagic.com\/wp-content\/uploads\/2024\/10\/3-300x225.jpg 300w, https:\/\/amelbeslagic.com\/wp-content\/uploads\/2024\/10\/3-1024x768.jpg 1024w, https:\/\/amelbeslagic.com\/wp-content\/uploads\/2024\/10\/3-768x576.jpg 768w, https:\/\/amelbeslagic.com\/wp-content\/uploads\/2024\/10\/3-1536x1152.jpg 1536w, https:\/\/amelbeslagic.com\/wp-content\/uploads\/2024\/10\/3-2048x1536.jpg 2048w\" sizes=\"auto, (max-width: 2560px) 100vw, 2560px\" \/><button\n\t\t\tclass=\"lightbox-trigger\"\n\t\t\ttype=\"button\"\n\t\t\taria-haspopup=\"dialog\"\n\t\t\taria-label=\"Enlarge\"\n\t\t\tdata-wp-init=\"callbacks.initTriggerButton\"\n\t\t\tdata-wp-on--click=\"actions.showLightbox\"\n\t\t\tdata-wp-style--right=\"state.imageButtonRight\"\n\t\t\tdata-wp-style--top=\"state.imageButtonTop\"\n\t\t>\n\t\t\t<svg xmlns=\"http:\/\/www.w3.org\/2000\/svg\" width=\"12\" height=\"12\" fill=\"none\" viewbox=\"0 0 12 12\">\n\t\t\t\t<path fill=\"#fff\" d=\"M2 0a2 2 0 0 0-2 2v2h1.5V2a.5.5 0 0 1 .5-.5h2V0H2Zm2 10.5H2a.5.5 0 0 1-.5-.5V8H0v2a2 2 0 0 0 2 2h2v-1.5ZM8 12v-1.5h2a.5.5 0 0 0 .5-.5V8H12v2a2 2 0 0 1-2 2H8Zm2-12a2 2 0 0 1 2 2v2h-1.5V2a.5.5 0 0 0-.5-.5H8V0h2Z\" \/>\n\t\t\t<\/svg>\n\t\t<\/button><\/figure>\n\n\n\n<figure data-wp-context=\"{&quot;imageId&quot;:&quot;69eb3f123931b&quot;}\" data-wp-interactive=\"core\/image\" data-wp-key=\"69eb3f123931b\" class=\"wp-block-image size-full wp-lightbox-container\"><img loading=\"lazy\" decoding=\"async\" width=\"2560\" height=\"1920\" data-wp-class--hide=\"state.isContentHidden\" data-wp-class--show=\"state.isContentVisible\" data-wp-init=\"callbacks.setButtonStyles\" data-wp-on--click=\"actions.showLightbox\" data-wp-on--load=\"callbacks.setButtonStyles\" data-wp-on-window--resize=\"callbacks.setButtonStyles\" data-id=\"160\" src=\"http:\/\/amelbeslagic.com\/wp-content\/uploads\/2024\/10\/5-scaled.jpg\" alt=\"\" class=\"wp-image-160\" srcset=\"https:\/\/amelbeslagic.com\/wp-content\/uploads\/2024\/10\/5-scaled.jpg 2560w, https:\/\/amelbeslagic.com\/wp-content\/uploads\/2024\/10\/5-300x225.jpg 300w, https:\/\/amelbeslagic.com\/wp-content\/uploads\/2024\/10\/5-1024x768.jpg 1024w, https:\/\/amelbeslagic.com\/wp-content\/uploads\/2024\/10\/5-768x576.jpg 768w, https:\/\/amelbeslagic.com\/wp-content\/uploads\/2024\/10\/5-1536x1152.jpg 1536w, https:\/\/amelbeslagic.com\/wp-content\/uploads\/2024\/10\/5-2048x1536.jpg 2048w\" sizes=\"auto, (max-width: 2560px) 100vw, 2560px\" \/><button\n\t\t\tclass=\"lightbox-trigger\"\n\t\t\ttype=\"button\"\n\t\t\taria-haspopup=\"dialog\"\n\t\t\taria-label=\"Enlarge\"\n\t\t\tdata-wp-init=\"callbacks.initTriggerButton\"\n\t\t\tdata-wp-on--click=\"actions.showLightbox\"\n\t\t\tdata-wp-style--right=\"state.imageButtonRight\"\n\t\t\tdata-wp-style--top=\"state.imageButtonTop\"\n\t\t>\n\t\t\t<svg xmlns=\"http:\/\/www.w3.org\/2000\/svg\" width=\"12\" height=\"12\" fill=\"none\" viewbox=\"0 0 12 12\">\n\t\t\t\t<path fill=\"#fff\" d=\"M2 0a2 2 0 0 0-2 2v2h1.5V2a.5.5 0 0 1 .5-.5h2V0H2Zm2 10.5H2a.5.5 0 0 1-.5-.5V8H0v2a2 2 0 0 0 2 2h2v-1.5ZM8 12v-1.5h2a.5.5 0 0 0 .5-.5V8H12v2a2 2 0 0 1-2 2H8Zm2-12a2 2 0 0 1 2 2v2h-1.5V2a.5.5 0 0 0-.5-.5H8V0h2Z\" \/>\n\t\t\t<\/svg>\n\t\t<\/button><\/figure>\n\n\n\n<figure data-wp-context=\"{&quot;imageId&quot;:&quot;69eb3f1239b2b&quot;}\" data-wp-interactive=\"core\/image\" data-wp-key=\"69eb3f1239b2b\" class=\"wp-block-image size-full wp-lightbox-container\"><img loading=\"lazy\" decoding=\"async\" width=\"2560\" height=\"1920\" data-wp-class--hide=\"state.isContentHidden\" data-wp-class--show=\"state.isContentVisible\" data-wp-init=\"callbacks.setButtonStyles\" data-wp-on--click=\"actions.showLightbox\" data-wp-on--load=\"callbacks.setButtonStyles\" data-wp-on-window--resize=\"callbacks.setButtonStyles\" data-id=\"164\" src=\"http:\/\/amelbeslagic.com\/wp-content\/uploads\/2024\/10\/6-scaled.jpg\" alt=\"\" class=\"wp-image-164\" srcset=\"https:\/\/amelbeslagic.com\/wp-content\/uploads\/2024\/10\/6-scaled.jpg 2560w, https:\/\/amelbeslagic.com\/wp-content\/uploads\/2024\/10\/6-300x225.jpg 300w, https:\/\/amelbeslagic.com\/wp-content\/uploads\/2024\/10\/6-1024x768.jpg 1024w, https:\/\/amelbeslagic.com\/wp-content\/uploads\/2024\/10\/6-768x576.jpg 768w, https:\/\/amelbeslagic.com\/wp-content\/uploads\/2024\/10\/6-1536x1152.jpg 1536w, https:\/\/amelbeslagic.com\/wp-content\/uploads\/2024\/10\/6-2048x1536.jpg 2048w\" sizes=\"auto, (max-width: 2560px) 100vw, 2560px\" \/><button\n\t\t\tclass=\"lightbox-trigger\"\n\t\t\ttype=\"button\"\n\t\t\taria-haspopup=\"dialog\"\n\t\t\taria-label=\"Enlarge\"\n\t\t\tdata-wp-init=\"callbacks.initTriggerButton\"\n\t\t\tdata-wp-on--click=\"actions.showLightbox\"\n\t\t\tdata-wp-style--right=\"state.imageButtonRight\"\n\t\t\tdata-wp-style--top=\"state.imageButtonTop\"\n\t\t>\n\t\t\t<svg xmlns=\"http:\/\/www.w3.org\/2000\/svg\" width=\"12\" height=\"12\" fill=\"none\" viewbox=\"0 0 12 12\">\n\t\t\t\t<path fill=\"#fff\" d=\"M2 0a2 2 0 0 0-2 2v2h1.5V2a.5.5 0 0 1 .5-.5h2V0H2Zm2 10.5H2a.5.5 0 0 1-.5-.5V8H0v2a2 2 0 0 0 2 2h2v-1.5ZM8 12v-1.5h2a.5.5 0 0 0 .5-.5V8H12v2a2 2 0 0 1-2 2H8Zm2-12a2 2 0 0 1 2 2v2h-1.5V2a.5.5 0 0 0-.5-.5H8V0h2Z\" \/>\n\t\t\t<\/svg>\n\t\t<\/button><\/figure>\n\n\n\n<figure data-wp-context=\"{&quot;imageId&quot;:&quot;69eb3f1237a83&quot;}\" data-wp-interactive=\"core\/image\" data-wp-key=\"69eb3f1237a83\" class=\"wp-block-image size-full wp-lightbox-container\"><img loading=\"lazy\" decoding=\"async\" width=\"2560\" height=\"1920\" data-wp-class--hide=\"state.isContentHidden\" data-wp-class--show=\"state.isContentVisible\" data-wp-init=\"callbacks.setButtonStyles\" data-wp-on--click=\"actions.showLightbox\" data-wp-on--load=\"callbacks.setButtonStyles\" data-wp-on-window--resize=\"callbacks.setButtonStyles\" data-id=\"161\" src=\"http:\/\/amelbeslagic.com\/wp-content\/uploads\/2024\/10\/2-scaled.jpg\" alt=\"\" class=\"wp-image-161\" srcset=\"https:\/\/amelbeslagic.com\/wp-content\/uploads\/2024\/10\/2-scaled.jpg 2560w, https:\/\/amelbeslagic.com\/wp-content\/uploads\/2024\/10\/2-300x225.jpg 300w, https:\/\/amelbeslagic.com\/wp-content\/uploads\/2024\/10\/2-1024x768.jpg 1024w, https:\/\/amelbeslagic.com\/wp-content\/uploads\/2024\/10\/2-768x576.jpg 768w, https:\/\/amelbeslagic.com\/wp-content\/uploads\/2024\/10\/2-1536x1152.jpg 1536w, https:\/\/amelbeslagic.com\/wp-content\/uploads\/2024\/10\/2-2048x1536.jpg 2048w\" sizes=\"auto, (max-width: 2560px) 100vw, 2560px\" \/><button\n\t\t\tclass=\"lightbox-trigger\"\n\t\t\ttype=\"button\"\n\t\t\taria-haspopup=\"dialog\"\n\t\t\taria-label=\"Enlarge\"\n\t\t\tdata-wp-init=\"callbacks.initTriggerButton\"\n\t\t\tdata-wp-on--click=\"actions.showLightbox\"\n\t\t\tdata-wp-style--right=\"state.imageButtonRight\"\n\t\t\tdata-wp-style--top=\"state.imageButtonTop\"\n\t\t>\n\t\t\t<svg xmlns=\"http:\/\/www.w3.org\/2000\/svg\" width=\"12\" height=\"12\" fill=\"none\" viewbox=\"0 0 12 12\">\n\t\t\t\t<path fill=\"#fff\" d=\"M2 0a2 2 0 0 0-2 2v2h1.5V2a.5.5 0 0 1 .5-.5h2V0H2Zm2 10.5H2a.5.5 0 0 1-.5-.5V8H0v2a2 2 0 0 0 2 2h2v-1.5ZM8 12v-1.5h2a.5.5 0 0 0 .5-.5V8H12v2a2 2 0 0 1-2 2H8Zm2-12a2 2 0 0 1 2 2v2h-1.5V2a.5.5 0 0 0-.5-.5H8V0h2Z\" \/>\n\t\t\t<\/svg>\n\t\t<\/button><\/figure>\n<\/figure>\n\n\n\n<p class=\"has-text-color has-link-color has-afacad-font-family wp-elements-5c129317a47d258bdc3e1c89d2931c4b\" style=\"color:#949494;font-style:normal;font-weight:300\"><em>\u00a9 Amel Be\u0161lagi\u0107 2024<\/em><\/p>\n<\/div>\n<\/div>","protected":false},"excerpt":{"rendered":"<p>projekti Datum: 01.04.2024Mjesto: Kozarac, Bosna &amp; Hercegovina \u201cKOM\u0160ILUK I SUSJEDSTVO\u201d prikazuje arhitektonski ome\u0111en prostor ljudskim \u017eivotima i njihovim sudbinama. Ovo je pri\u010da prosje\u010dne male sredine Bosne i Hercegovine. Sredine koja je u posljednjih tridesetak godina svjedo\u010dila razaranju infrastrukture i progonima stanovni\u0161ta uzrokovanim ratom, njihovom povratku i obnovi, zatim godinama entuzijazma, te na poslijetku, novom valu [&hellip;]<\/p>\n","protected":false},"author":1,"featured_media":0,"parent":11,"menu_order":0,"comment_status":"closed","ping_status":"closed","template":"","meta":{"_themeisle_gutenberg_block_has_review":false,"footnotes":""},"class_list":["post-159","page","type-page","status-publish","hentry"],"_links":{"self":[{"href":"https:\/\/amelbeslagic.com\/en\/wp-json\/wp\/v2\/pages\/159","targetHints":{"allow":["GET"]}}],"collection":[{"href":"https:\/\/amelbeslagic.com\/en\/wp-json\/wp\/v2\/pages"}],"about":[{"href":"https:\/\/amelbeslagic.com\/en\/wp-json\/wp\/v2\/types\/page"}],"author":[{"embeddable":true,"href":"https:\/\/amelbeslagic.com\/en\/wp-json\/wp\/v2\/users\/1"}],"replies":[{"embeddable":true,"href":"https:\/\/amelbeslagic.com\/en\/wp-json\/wp\/v2\/comments?post=159"}],"version-history":[{"count":41,"href":"https:\/\/amelbeslagic.com\/en\/wp-json\/wp\/v2\/pages\/159\/revisions"}],"predecessor-version":[{"id":508,"href":"https:\/\/amelbeslagic.com\/en\/wp-json\/wp\/v2\/pages\/159\/revisions\/508"}],"up":[{"embeddable":true,"href":"https:\/\/amelbeslagic.com\/en\/wp-json\/wp\/v2\/pages\/11"}],"wp:attachment":[{"href":"https:\/\/amelbeslagic.com\/en\/wp-json\/wp\/v2\/media?parent=159"}],"curies":[{"name":"wp","href":"https:\/\/api.w.org\/{rel}","templated":true}]}}