{"id":240,"date":"2024-10-07T08:07:03","date_gmt":"2024-10-07T08:07:03","guid":{"rendered":"http:\/\/amelbeslagic.com\/?page_id=240"},"modified":"2024-10-07T20:14:06","modified_gmt":"2024-10-07T20:14:06","slug":"mirage","status":"publish","type":"page","link":"https:\/\/amelbeslagic.com\/en\/projekti\/mirage\/","title":{"rendered":"Mirage"},"content":{"rendered":"<div class=\"wp-block-columns alignfull are-vertically-aligned-top is-layout-flex wp-container-core-columns-is-layout-28f84493 wp-block-columns-is-layout-flex\">\n<div class=\"wp-block-column is-vertically-aligned-top is-layout-flow wp-block-column-is-layout-flow\" style=\"flex-basis:33.33%\">\n<div class=\"wp-block-group is-content-justification-left is-nowrap is-layout-flex wp-container-core-group-is-layout-ad866115 wp-block-group-is-layout-flex\" style=\"padding-right:var(--wp--preset--spacing--30);padding-left:var(--wp--preset--spacing--30)\">\n<div id=\"wp-block-themeisle-blocks-font-awesome-icons-b622c58b\" class=\"wp-block-themeisle-blocks-font-awesome-icons\"><span class=\"wp-block-themeisle-blocks-font-awesome-icons-container\"><a href=\"http:\/\/amelbeslagic.com\/en\/\" target=\"_self\" rel=\"noopener noreferrer\"><i class=\"fas fa-chevron-left\"><\/i><\/a><\/span><\/div>\n\n\n\n<p class=\"has-text-color has-link-color has-afacad-font-family wp-elements-1df6a95d57684d43e1599329b8c6c8e0\" style=\"color:#cfcfcf;font-size:clamp(14px, 0.875rem + ((1vw - 3.2px) * 0.488), 18px);font-style:normal;font-weight:100\">projects<\/p>\n<\/div>\n<\/div>\n<\/div>\n\n\n\n<div class=\"wp-block-columns alignwide is-layout-flex wp-container-core-columns-is-layout-28f84493 wp-block-columns-is-layout-flex\">\n<div class=\"wp-block-column is-layout-flow wp-block-column-is-layout-flow\">\n<h2 id=\"wp-block-themeisle-blocks-advanced-heading-6c9fe4b2\" class=\"wp-block-themeisle-blocks-advanced-heading wp-block-themeisle-blocks-advanced-heading-6c9fe4b2 o-typing-fast\"><o-anim-typing>MIRAGE<\/o-anim-typing><\/h2>\n\n\n\n<p class=\"has-text-color has-link-color has-afacad-font-family wp-elements-47c8ccc305767fc1a4262a376521ff56\" style=\"color:#cfcfcf;font-style:normal;font-weight:300\">Date: 05.03.2024<br>Location: Kozarac, Bosnia &amp; Hercegovina<\/p>\n\n\n\n<p class=\"has-text-align-left o-typing-delay-4s has-text-color has-link-color has-afacad-font-family wp-elements-8bcbd726c158805da909252580347186\" style=\"color:#cfcfcf;font-style:normal;font-weight:300\">Shortly after the referendum and declaration of Bosnia and Herzegovina\u2019s independence from Yugoslavia, a war broke out, ultimately claiming around 100,000 lives.<br>\u201cMIRAGE \u201d is a film whose plot follows a resident of Kozarac, a small town in the municipality of Prijedor in the northwest of Bosnia and Herzegovina and entity of Republika Srpska, where over the last 30 years, the town has embraced narratives of the genocide that targeted its community. In addition, it is becoming a symbol of reconstruction and post-war prosperity, yet simultaneously standing for usurpation of the minority returnee population by the entity government.\u201d<br>This partly monographic film centers on man as the backbone of two juxtaposing contexts within the same climate. It depicts the challenges that the modern man faces, in the roles of both a returnee and an architect.<\/p>\n\n\n\n<div style=\"height:67px\" aria-hidden=\"true\" class=\"wp-block-spacer\"><\/div>\n<\/div>\n<\/div>\n\n\n\n<div class=\"wp-block-columns alignwide is-layout-flex wp-container-core-columns-is-layout-28f84493 wp-block-columns-is-layout-flex\">\n<div class=\"wp-block-column is-layout-flow wp-block-column-is-layout-flow\">\n<figure class=\"wp-block-embed is-type-video is-provider-vimeo wp-block-embed-vimeo wp-embed-aspect-16-9 wp-has-aspect-ratio\" style=\"margin-top:0;margin-bottom:0\"><div class=\"wp-block-embed__wrapper\">\n<iframe loading=\"lazy\" title=\"TRANSFER Video Award 2023 | Beslagic | Mirage\" src=\"https:\/\/player.vimeo.com\/video\/919197985?dnt=1&amp;app_id=122963\" width=\"500\" height=\"281\" frameborder=\"0\" allow=\"autoplay; fullscreen; picture-in-picture; clipboard-write\"><\/iframe>\n<\/div><\/figure>\n\n\n\n<p class=\"has-text-color has-link-color has-afacad-font-family wp-elements-5c129317a47d258bdc3e1c89d2931c4b\" style=\"color:#949494;font-style:normal;font-weight:300\"><em>\u00a9 Amel Be\u0161lagi\u0107 2024<\/em><\/p>\n<\/div>\n<\/div>","protected":false},"excerpt":{"rendered":"<p>projekti Datum: 05.03.2024Mjesto: Kozarac, Bosna &amp; Hercegovina Nedugo nakon referenduma i progla\u0161enja nezavisnosti Bosne i Hercegovine od Jugoslavije, poceo je rat koji ce u kona\u010dnici odnijeti oko 100 000 \u017eivota.\u201cMirage\u201d je film \u010dija radnja prati \u010dovjeka, stanovnika Kozarca, malog grada u op\u0107ini Prijedor na sjeverozapadu Bosne i Hercegovine, u entitetu Republika Srpska, koji je u [&hellip;]<\/p>\n","protected":false},"author":1,"featured_media":0,"parent":11,"menu_order":0,"comment_status":"closed","ping_status":"closed","template":"","meta":{"_themeisle_gutenberg_block_has_review":false,"footnotes":""},"class_list":["post-240","page","type-page","status-publish","hentry"],"_links":{"self":[{"href":"https:\/\/amelbeslagic.com\/en\/wp-json\/wp\/v2\/pages\/240","targetHints":{"allow":["GET"]}}],"collection":[{"href":"https:\/\/amelbeslagic.com\/en\/wp-json\/wp\/v2\/pages"}],"about":[{"href":"https:\/\/amelbeslagic.com\/en\/wp-json\/wp\/v2\/types\/page"}],"author":[{"embeddable":true,"href":"https:\/\/amelbeslagic.com\/en\/wp-json\/wp\/v2\/users\/1"}],"replies":[{"embeddable":true,"href":"https:\/\/amelbeslagic.com\/en\/wp-json\/wp\/v2\/comments?post=240"}],"version-history":[{"count":6,"href":"https:\/\/amelbeslagic.com\/en\/wp-json\/wp\/v2\/pages\/240\/revisions"}],"predecessor-version":[{"id":405,"href":"https:\/\/amelbeslagic.com\/en\/wp-json\/wp\/v2\/pages\/240\/revisions\/405"}],"up":[{"embeddable":true,"href":"https:\/\/amelbeslagic.com\/en\/wp-json\/wp\/v2\/pages\/11"}],"wp:attachment":[{"href":"https:\/\/amelbeslagic.com\/en\/wp-json\/wp\/v2\/media?parent=240"}],"curies":[{"name":"wp","href":"https:\/\/api.w.org\/{rel}","templated":true}]}}