{"id":253,"date":"2024-10-07T08:19:40","date_gmt":"2024-10-07T08:19:40","guid":{"rendered":"http:\/\/amelbeslagic.com\/?page_id=253"},"modified":"2024-11-07T22:27:35","modified_gmt":"2024-11-07T22:27:35","slug":"izmedu-redova","status":"publish","type":"page","link":"https:\/\/amelbeslagic.com\/en\/projekti\/izmedu-redova\/","title":{"rendered":"Between the lines"},"content":{"rendered":"<div class=\"wp-block-columns alignfull are-vertically-aligned-top is-layout-flex wp-container-core-columns-is-layout-28f84493 wp-block-columns-is-layout-flex\">\n<div class=\"wp-block-column is-vertically-aligned-top is-layout-flow wp-block-column-is-layout-flow\" style=\"flex-basis:33.33%\">\n<div class=\"wp-block-group is-content-justification-left is-nowrap is-layout-flex wp-container-core-group-is-layout-ad866115 wp-block-group-is-layout-flex\" style=\"padding-right:var(--wp--preset--spacing--30);padding-left:var(--wp--preset--spacing--30)\">\n<div id=\"wp-block-themeisle-blocks-font-awesome-icons-b622c58b\" class=\"wp-block-themeisle-blocks-font-awesome-icons\"><span class=\"wp-block-themeisle-blocks-font-awesome-icons-container\"><a href=\"http:\/\/amelbeslagic.com\/en\/\" target=\"_self\" rel=\"noopener noreferrer\"><i class=\"fas fa-chevron-left\"><\/i><\/a><\/span><\/div>\n\n\n\n<p class=\"has-text-color has-link-color has-afacad-font-family wp-elements-1df6a95d57684d43e1599329b8c6c8e0\" style=\"color:#cfcfcf;font-size:clamp(14px, 0.875rem + ((1vw - 3.2px) * 0.488), 18px);font-style:normal;font-weight:100\">projects<\/p>\n<\/div>\n<\/div>\n<\/div>\n\n\n\n<div class=\"wp-block-columns alignwide is-layout-flex wp-container-core-columns-is-layout-28f84493 wp-block-columns-is-layout-flex\">\n<div class=\"wp-block-column is-layout-flow wp-block-column-is-layout-flow\">\n<h2 id=\"wp-block-themeisle-blocks-advanced-heading-6c9fe4b2\" class=\"wp-block-themeisle-blocks-advanced-heading wp-block-themeisle-blocks-advanced-heading-6c9fe4b2 o-typing-fast\"><o-anim-typing>BETWEEN THE LINES<\/o-anim-typing><\/h2>\n\n\n\n<p class=\"has-text-color has-link-color has-afacad-font-family wp-elements-eb1fa71187e02041793f08f0758b28ef\" style=\"color:#cfcfcf;font-style:normal;font-weight:300\">Date: 11.07.2024<br>Location: Srebrenica, Bosnia &amp; Hercegovina<\/p>\n\n\n\n<p class=\"has-text-align-left o-typing-delay-4s has-text-color has-link-color has-afacad-font-family wp-elements-ad8005279c202a630634f1ccde66b52c\" style=\"color:#cfcfcf;font-style:normal;font-weight:300\">The series of photographs capture the ambiance at the Memorial Center Poto\u010dari on July 11th, marking the day of remembrance for the innocent victims of the Srebrenica genocide.<\/p>\n\n\n\n<div style=\"height:67px\" aria-hidden=\"true\" class=\"wp-block-spacer\"><\/div>\n<\/div>\n<\/div>\n\n\n\n<div class=\"wp-block-columns alignwide is-layout-flex wp-container-core-columns-is-layout-28f84493 wp-block-columns-is-layout-flex\">\n<div class=\"wp-block-column is-layout-flow wp-block-column-is-layout-flow\">\n<figure class=\"wp-block-gallery alignwide has-nested-images columns-2 is-cropped animated fadeIn delay-200ms wp-block-gallery-1 is-layout-flex wp-block-gallery-is-layout-flex\">\n<figure data-wp-context=\"{&quot;imageId&quot;:&quot;69eb3eed866e7&quot;}\" data-wp-interactive=\"core\/image\" data-wp-key=\"69eb3eed866e7\" class=\"wp-block-image size-full wp-lightbox-container\"><img loading=\"lazy\" decoding=\"async\" width=\"2560\" height=\"1993\" data-wp-class--hide=\"state.isContentHidden\" data-wp-class--show=\"state.isContentVisible\" data-wp-init=\"callbacks.setButtonStyles\" data-wp-on--click=\"actions.showLightbox\" data-wp-on--load=\"callbacks.setButtonStyles\" data-wp-on-window--resize=\"callbacks.setButtonStyles\" data-id=\"265\" src=\"http:\/\/amelbeslagic.com\/wp-content\/uploads\/2024\/10\/7__-scaled.jpg\" alt=\"\" class=\"wp-image-265\" srcset=\"https:\/\/amelbeslagic.com\/wp-content\/uploads\/2024\/10\/7__-scaled.jpg 2560w, https:\/\/amelbeslagic.com\/wp-content\/uploads\/2024\/10\/7__-300x234.jpg 300w, https:\/\/amelbeslagic.com\/wp-content\/uploads\/2024\/10\/7__-1024x797.jpg 1024w, https:\/\/amelbeslagic.com\/wp-content\/uploads\/2024\/10\/7__-768x598.jpg 768w, https:\/\/amelbeslagic.com\/wp-content\/uploads\/2024\/10\/7__-1536x1196.jpg 1536w, https:\/\/amelbeslagic.com\/wp-content\/uploads\/2024\/10\/7__-2048x1594.jpg 2048w\" sizes=\"auto, (max-width: 2560px) 100vw, 2560px\" \/><button\n\t\t\tclass=\"lightbox-trigger\"\n\t\t\ttype=\"button\"\n\t\t\taria-haspopup=\"dialog\"\n\t\t\taria-label=\"Enlarge\"\n\t\t\tdata-wp-init=\"callbacks.initTriggerButton\"\n\t\t\tdata-wp-on--click=\"actions.showLightbox\"\n\t\t\tdata-wp-style--right=\"state.imageButtonRight\"\n\t\t\tdata-wp-style--top=\"state.imageButtonTop\"\n\t\t>\n\t\t\t<svg xmlns=\"http:\/\/www.w3.org\/2000\/svg\" width=\"12\" height=\"12\" fill=\"none\" viewbox=\"0 0 12 12\">\n\t\t\t\t<path fill=\"#fff\" d=\"M2 0a2 2 0 0 0-2 2v2h1.5V2a.5.5 0 0 1 .5-.5h2V0H2Zm2 10.5H2a.5.5 0 0 1-.5-.5V8H0v2a2 2 0 0 0 2 2h2v-1.5ZM8 12v-1.5h2a.5.5 0 0 0 .5-.5V8H12v2a2 2 0 0 1-2 2H8Zm2-12a2 2 0 0 1 2 2v2h-1.5V2a.5.5 0 0 0-.5-.5H8V0h2Z\" \/>\n\t\t\t<\/svg>\n\t\t<\/button><\/figure>\n\n\n\n<figure data-wp-context=\"{&quot;imageId&quot;:&quot;69eb3eed86d5a&quot;}\" data-wp-interactive=\"core\/image\" data-wp-key=\"69eb3eed86d5a\" class=\"wp-block-image size-full wp-lightbox-container\"><img loading=\"lazy\" decoding=\"async\" width=\"2560\" height=\"1916\" data-wp-class--hide=\"state.isContentHidden\" data-wp-class--show=\"state.isContentVisible\" data-wp-init=\"callbacks.setButtonStyles\" data-wp-on--click=\"actions.showLightbox\" data-wp-on--load=\"callbacks.setButtonStyles\" data-wp-on-window--resize=\"callbacks.setButtonStyles\" data-id=\"263\" src=\"http:\/\/amelbeslagic.com\/wp-content\/uploads\/2024\/10\/8__-scaled.jpg\" alt=\"\" class=\"wp-image-263\" srcset=\"https:\/\/amelbeslagic.com\/wp-content\/uploads\/2024\/10\/8__-scaled.jpg 2560w, https:\/\/amelbeslagic.com\/wp-content\/uploads\/2024\/10\/8__-300x225.jpg 300w, https:\/\/amelbeslagic.com\/wp-content\/uploads\/2024\/10\/8__-1024x766.jpg 1024w, https:\/\/amelbeslagic.com\/wp-content\/uploads\/2024\/10\/8__-768x575.jpg 768w, https:\/\/amelbeslagic.com\/wp-content\/uploads\/2024\/10\/8__-1536x1150.jpg 1536w, https:\/\/amelbeslagic.com\/wp-content\/uploads\/2024\/10\/8__-2048x1533.jpg 2048w\" sizes=\"auto, (max-width: 2560px) 100vw, 2560px\" \/><button\n\t\t\tclass=\"lightbox-trigger\"\n\t\t\ttype=\"button\"\n\t\t\taria-haspopup=\"dialog\"\n\t\t\taria-label=\"Enlarge\"\n\t\t\tdata-wp-init=\"callbacks.initTriggerButton\"\n\t\t\tdata-wp-on--click=\"actions.showLightbox\"\n\t\t\tdata-wp-style--right=\"state.imageButtonRight\"\n\t\t\tdata-wp-style--top=\"state.imageButtonTop\"\n\t\t>\n\t\t\t<svg xmlns=\"http:\/\/www.w3.org\/2000\/svg\" width=\"12\" height=\"12\" fill=\"none\" viewbox=\"0 0 12 12\">\n\t\t\t\t<path fill=\"#fff\" d=\"M2 0a2 2 0 0 0-2 2v2h1.5V2a.5.5 0 0 1 .5-.5h2V0H2Zm2 10.5H2a.5.5 0 0 1-.5-.5V8H0v2a2 2 0 0 0 2 2h2v-1.5ZM8 12v-1.5h2a.5.5 0 0 0 .5-.5V8H12v2a2 2 0 0 1-2 2H8Zm2-12a2 2 0 0 1 2 2v2h-1.5V2a.5.5 0 0 0-.5-.5H8V0h2Z\" \/>\n\t\t\t<\/svg>\n\t\t<\/button><\/figure>\n\n\n\n<figure class=\"wp-block-image size-full\"><img loading=\"lazy\" decoding=\"async\" width=\"2560\" height=\"1948\" data-id=\"259\" src=\"http:\/\/amelbeslagic.com\/wp-content\/uploads\/2024\/10\/5__-scaled.jpg\" alt=\"\" class=\"wp-image-259\" srcset=\"https:\/\/amelbeslagic.com\/wp-content\/uploads\/2024\/10\/5__-scaled.jpg 2560w, https:\/\/amelbeslagic.com\/wp-content\/uploads\/2024\/10\/5__-300x228.jpg 300w, https:\/\/amelbeslagic.com\/wp-content\/uploads\/2024\/10\/5__-1024x779.jpg 1024w, https:\/\/amelbeslagic.com\/wp-content\/uploads\/2024\/10\/5__-768x584.jpg 768w, https:\/\/amelbeslagic.com\/wp-content\/uploads\/2024\/10\/5__-1536x1169.jpg 1536w, https:\/\/amelbeslagic.com\/wp-content\/uploads\/2024\/10\/5__-2048x1559.jpg 2048w\" sizes=\"auto, (max-width: 2560px) 100vw, 2560px\" \/><\/figure>\n\n\n\n<figure data-wp-context=\"{&quot;imageId&quot;:&quot;69eb3eed87434&quot;}\" data-wp-interactive=\"core\/image\" data-wp-key=\"69eb3eed87434\" class=\"wp-block-image size-full wp-lightbox-container\"><img loading=\"lazy\" decoding=\"async\" width=\"2560\" height=\"1907\" data-wp-class--hide=\"state.isContentHidden\" data-wp-class--show=\"state.isContentVisible\" data-wp-init=\"callbacks.setButtonStyles\" data-wp-on--click=\"actions.showLightbox\" data-wp-on--load=\"callbacks.setButtonStyles\" data-wp-on-window--resize=\"callbacks.setButtonStyles\" data-id=\"266\" src=\"http:\/\/amelbeslagic.com\/wp-content\/uploads\/2024\/10\/9__-scaled.jpg\" alt=\"\" class=\"wp-image-266\" srcset=\"https:\/\/amelbeslagic.com\/wp-content\/uploads\/2024\/10\/9__-scaled.jpg 2560w, https:\/\/amelbeslagic.com\/wp-content\/uploads\/2024\/10\/9__-300x223.jpg 300w, https:\/\/amelbeslagic.com\/wp-content\/uploads\/2024\/10\/9__-1024x763.jpg 1024w, https:\/\/amelbeslagic.com\/wp-content\/uploads\/2024\/10\/9__-768x572.jpg 768w, https:\/\/amelbeslagic.com\/wp-content\/uploads\/2024\/10\/9__-1536x1144.jpg 1536w, https:\/\/amelbeslagic.com\/wp-content\/uploads\/2024\/10\/9__-2048x1525.jpg 2048w\" sizes=\"auto, (max-width: 2560px) 100vw, 2560px\" \/><button\n\t\t\tclass=\"lightbox-trigger\"\n\t\t\ttype=\"button\"\n\t\t\taria-haspopup=\"dialog\"\n\t\t\taria-label=\"Enlarge\"\n\t\t\tdata-wp-init=\"callbacks.initTriggerButton\"\n\t\t\tdata-wp-on--click=\"actions.showLightbox\"\n\t\t\tdata-wp-style--right=\"state.imageButtonRight\"\n\t\t\tdata-wp-style--top=\"state.imageButtonTop\"\n\t\t>\n\t\t\t<svg xmlns=\"http:\/\/www.w3.org\/2000\/svg\" width=\"12\" height=\"12\" fill=\"none\" viewbox=\"0 0 12 12\">\n\t\t\t\t<path fill=\"#fff\" d=\"M2 0a2 2 0 0 0-2 2v2h1.5V2a.5.5 0 0 1 .5-.5h2V0H2Zm2 10.5H2a.5.5 0 0 1-.5-.5V8H0v2a2 2 0 0 0 2 2h2v-1.5ZM8 12v-1.5h2a.5.5 0 0 0 .5-.5V8H12v2a2 2 0 0 1-2 2H8Zm2-12a2 2 0 0 1 2 2v2h-1.5V2a.5.5 0 0 0-.5-.5H8V0h2Z\" \/>\n\t\t\t<\/svg>\n\t\t<\/button><\/figure>\n\n\n\n<figure data-wp-context=\"{&quot;imageId&quot;:&quot;69eb3eed87aac&quot;}\" data-wp-interactive=\"core\/image\" data-wp-key=\"69eb3eed87aac\" class=\"wp-block-image size-full wp-lightbox-container\"><img loading=\"lazy\" decoding=\"async\" width=\"2560\" height=\"1827\" data-wp-class--hide=\"state.isContentHidden\" data-wp-class--show=\"state.isContentVisible\" data-wp-init=\"callbacks.setButtonStyles\" data-wp-on--click=\"actions.showLightbox\" data-wp-on--load=\"callbacks.setButtonStyles\" data-wp-on-window--resize=\"callbacks.setButtonStyles\" data-id=\"264\" src=\"http:\/\/amelbeslagic.com\/wp-content\/uploads\/2024\/10\/10__11-scaled.jpg\" alt=\"\" class=\"wp-image-264\" srcset=\"https:\/\/amelbeslagic.com\/wp-content\/uploads\/2024\/10\/10__11-scaled.jpg 2560w, https:\/\/amelbeslagic.com\/wp-content\/uploads\/2024\/10\/10__11-300x214.jpg 300w, https:\/\/amelbeslagic.com\/wp-content\/uploads\/2024\/10\/10__11-1024x731.jpg 1024w, https:\/\/amelbeslagic.com\/wp-content\/uploads\/2024\/10\/10__11-768x548.jpg 768w, https:\/\/amelbeslagic.com\/wp-content\/uploads\/2024\/10\/10__11-1536x1096.jpg 1536w, https:\/\/amelbeslagic.com\/wp-content\/uploads\/2024\/10\/10__11-2048x1462.jpg 2048w\" sizes=\"auto, (max-width: 2560px) 100vw, 2560px\" \/><button\n\t\t\tclass=\"lightbox-trigger\"\n\t\t\ttype=\"button\"\n\t\t\taria-haspopup=\"dialog\"\n\t\t\taria-label=\"Enlarge\"\n\t\t\tdata-wp-init=\"callbacks.initTriggerButton\"\n\t\t\tdata-wp-on--click=\"actions.showLightbox\"\n\t\t\tdata-wp-style--right=\"state.imageButtonRight\"\n\t\t\tdata-wp-style--top=\"state.imageButtonTop\"\n\t\t>\n\t\t\t<svg xmlns=\"http:\/\/www.w3.org\/2000\/svg\" width=\"12\" height=\"12\" fill=\"none\" viewbox=\"0 0 12 12\">\n\t\t\t\t<path fill=\"#fff\" d=\"M2 0a2 2 0 0 0-2 2v2h1.5V2a.5.5 0 0 1 .5-.5h2V0H2Zm2 10.5H2a.5.5 0 0 1-.5-.5V8H0v2a2 2 0 0 0 2 2h2v-1.5ZM8 12v-1.5h2a.5.5 0 0 0 .5-.5V8H12v2a2 2 0 0 1-2 2H8Zm2-12a2 2 0 0 1 2 2v2h-1.5V2a.5.5 0 0 0-.5-.5H8V0h2Z\" \/>\n\t\t\t<\/svg>\n\t\t<\/button><\/figure>\n\n\n\n<figure class=\"wp-block-image size-full\"><img loading=\"lazy\" decoding=\"async\" width=\"2560\" height=\"1880\" data-id=\"261\" src=\"http:\/\/amelbeslagic.com\/wp-content\/uploads\/2024\/10\/4__-scaled.jpg\" alt=\"\" class=\"wp-image-261\" srcset=\"https:\/\/amelbeslagic.com\/wp-content\/uploads\/2024\/10\/4__-scaled.jpg 2560w, https:\/\/amelbeslagic.com\/wp-content\/uploads\/2024\/10\/4__-300x220.jpg 300w, https:\/\/amelbeslagic.com\/wp-content\/uploads\/2024\/10\/4__-1024x752.jpg 1024w, https:\/\/amelbeslagic.com\/wp-content\/uploads\/2024\/10\/4__-768x564.jpg 768w, https:\/\/amelbeslagic.com\/wp-content\/uploads\/2024\/10\/4__-1536x1128.jpg 1536w, https:\/\/amelbeslagic.com\/wp-content\/uploads\/2024\/10\/4__-2048x1504.jpg 2048w\" sizes=\"auto, (max-width: 2560px) 100vw, 2560px\" \/><\/figure>\n\n\n\n<figure data-wp-context=\"{&quot;imageId&quot;:&quot;69eb3eed86022&quot;}\" data-wp-interactive=\"core\/image\" data-wp-key=\"69eb3eed86022\" class=\"wp-block-image size-full wp-lightbox-container\"><img loading=\"lazy\" decoding=\"async\" width=\"2560\" height=\"1769\" data-wp-class--hide=\"state.isContentHidden\" data-wp-class--show=\"state.isContentVisible\" data-wp-init=\"callbacks.setButtonStyles\" data-wp-on--click=\"actions.showLightbox\" data-wp-on--load=\"callbacks.setButtonStyles\" data-wp-on-window--resize=\"callbacks.setButtonStyles\" data-id=\"257\" src=\"http:\/\/amelbeslagic.com\/wp-content\/uploads\/2024\/10\/6__-scaled.jpg\" alt=\"\" class=\"wp-image-257\" srcset=\"https:\/\/amelbeslagic.com\/wp-content\/uploads\/2024\/10\/6__-scaled.jpg 2560w, https:\/\/amelbeslagic.com\/wp-content\/uploads\/2024\/10\/6__-300x207.jpg 300w, https:\/\/amelbeslagic.com\/wp-content\/uploads\/2024\/10\/6__-1024x708.jpg 1024w, https:\/\/amelbeslagic.com\/wp-content\/uploads\/2024\/10\/6__-768x531.jpg 768w, https:\/\/amelbeslagic.com\/wp-content\/uploads\/2024\/10\/6__-1536x1062.jpg 1536w, https:\/\/amelbeslagic.com\/wp-content\/uploads\/2024\/10\/6__-2048x1416.jpg 2048w\" sizes=\"auto, (max-width: 2560px) 100vw, 2560px\" \/><button\n\t\t\tclass=\"lightbox-trigger\"\n\t\t\ttype=\"button\"\n\t\t\taria-haspopup=\"dialog\"\n\t\t\taria-label=\"Enlarge\"\n\t\t\tdata-wp-init=\"callbacks.initTriggerButton\"\n\t\t\tdata-wp-on--click=\"actions.showLightbox\"\n\t\t\tdata-wp-style--right=\"state.imageButtonRight\"\n\t\t\tdata-wp-style--top=\"state.imageButtonTop\"\n\t\t>\n\t\t\t<svg xmlns=\"http:\/\/www.w3.org\/2000\/svg\" width=\"12\" height=\"12\" fill=\"none\" viewbox=\"0 0 12 12\">\n\t\t\t\t<path fill=\"#fff\" d=\"M2 0a2 2 0 0 0-2 2v2h1.5V2a.5.5 0 0 1 .5-.5h2V0H2Zm2 10.5H2a.5.5 0 0 1-.5-.5V8H0v2a2 2 0 0 0 2 2h2v-1.5ZM8 12v-1.5h2a.5.5 0 0 0 .5-.5V8H12v2a2 2 0 0 1-2 2H8Zm2-12a2 2 0 0 1 2 2v2h-1.5V2a.5.5 0 0 0-.5-.5H8V0h2Z\" \/>\n\t\t\t<\/svg>\n\t\t<\/button><\/figure>\n\n\n\n<figure data-wp-context=\"{&quot;imageId&quot;:&quot;69eb3eed84d70&quot;}\" data-wp-interactive=\"core\/image\" data-wp-key=\"69eb3eed84d70\" class=\"wp-block-image size-full wp-lightbox-container\"><img loading=\"lazy\" decoding=\"async\" width=\"2560\" height=\"1876\" data-wp-class--hide=\"state.isContentHidden\" data-wp-class--show=\"state.isContentVisible\" data-wp-init=\"callbacks.setButtonStyles\" data-wp-on--click=\"actions.showLightbox\" data-wp-on--load=\"callbacks.setButtonStyles\" data-wp-on-window--resize=\"callbacks.setButtonStyles\" data-id=\"262\" src=\"http:\/\/amelbeslagic.com\/wp-content\/uploads\/2024\/10\/2_1-scaled.jpg\" alt=\"\" class=\"wp-image-262\" srcset=\"https:\/\/amelbeslagic.com\/wp-content\/uploads\/2024\/10\/2_1-scaled.jpg 2560w, https:\/\/amelbeslagic.com\/wp-content\/uploads\/2024\/10\/2_1-300x220.jpg 300w, https:\/\/amelbeslagic.com\/wp-content\/uploads\/2024\/10\/2_1-1024x751.jpg 1024w, https:\/\/amelbeslagic.com\/wp-content\/uploads\/2024\/10\/2_1-768x563.jpg 768w, https:\/\/amelbeslagic.com\/wp-content\/uploads\/2024\/10\/2_1-1536x1126.jpg 1536w, https:\/\/amelbeslagic.com\/wp-content\/uploads\/2024\/10\/2_1-2048x1501.jpg 2048w\" sizes=\"auto, (max-width: 2560px) 100vw, 2560px\" \/><button\n\t\t\tclass=\"lightbox-trigger\"\n\t\t\ttype=\"button\"\n\t\t\taria-haspopup=\"dialog\"\n\t\t\taria-label=\"Enlarge\"\n\t\t\tdata-wp-init=\"callbacks.initTriggerButton\"\n\t\t\tdata-wp-on--click=\"actions.showLightbox\"\n\t\t\tdata-wp-style--right=\"state.imageButtonRight\"\n\t\t\tdata-wp-style--top=\"state.imageButtonTop\"\n\t\t>\n\t\t\t<svg xmlns=\"http:\/\/www.w3.org\/2000\/svg\" width=\"12\" height=\"12\" fill=\"none\" viewbox=\"0 0 12 12\">\n\t\t\t\t<path fill=\"#fff\" d=\"M2 0a2 2 0 0 0-2 2v2h1.5V2a.5.5 0 0 1 .5-.5h2V0H2Zm2 10.5H2a.5.5 0 0 1-.5-.5V8H0v2a2 2 0 0 0 2 2h2v-1.5ZM8 12v-1.5h2a.5.5 0 0 0 .5-.5V8H12v2a2 2 0 0 1-2 2H8Zm2-12a2 2 0 0 1 2 2v2h-1.5V2a.5.5 0 0 0-.5-.5H8V0h2Z\" \/>\n\t\t\t<\/svg>\n\t\t<\/button><\/figure>\n\n\n\n<figure data-wp-context=\"{&quot;imageId&quot;:&quot;69eb3eed8542b&quot;}\" data-wp-interactive=\"core\/image\" data-wp-key=\"69eb3eed8542b\" class=\"wp-block-image size-full wp-lightbox-container\"><img loading=\"lazy\" decoding=\"async\" width=\"2560\" height=\"1776\" data-wp-class--hide=\"state.isContentHidden\" data-wp-class--show=\"state.isContentVisible\" data-wp-init=\"callbacks.setButtonStyles\" data-wp-on--click=\"actions.showLightbox\" data-wp-on--load=\"callbacks.setButtonStyles\" data-wp-on-window--resize=\"callbacks.setButtonStyles\" data-id=\"258\" src=\"http:\/\/amelbeslagic.com\/wp-content\/uploads\/2024\/10\/3_1-scaled.jpg\" alt=\"\" class=\"wp-image-258\" srcset=\"https:\/\/amelbeslagic.com\/wp-content\/uploads\/2024\/10\/3_1-scaled.jpg 2560w, https:\/\/amelbeslagic.com\/wp-content\/uploads\/2024\/10\/3_1-300x208.jpg 300w, https:\/\/amelbeslagic.com\/wp-content\/uploads\/2024\/10\/3_1-1024x710.jpg 1024w, https:\/\/amelbeslagic.com\/wp-content\/uploads\/2024\/10\/3_1-768x533.jpg 768w, https:\/\/amelbeslagic.com\/wp-content\/uploads\/2024\/10\/3_1-1536x1066.jpg 1536w, https:\/\/amelbeslagic.com\/wp-content\/uploads\/2024\/10\/3_1-2048x1421.jpg 2048w\" sizes=\"auto, (max-width: 2560px) 100vw, 2560px\" \/><button\n\t\t\tclass=\"lightbox-trigger\"\n\t\t\ttype=\"button\"\n\t\t\taria-haspopup=\"dialog\"\n\t\t\taria-label=\"Enlarge\"\n\t\t\tdata-wp-init=\"callbacks.initTriggerButton\"\n\t\t\tdata-wp-on--click=\"actions.showLightbox\"\n\t\t\tdata-wp-style--right=\"state.imageButtonRight\"\n\t\t\tdata-wp-style--top=\"state.imageButtonTop\"\n\t\t>\n\t\t\t<svg xmlns=\"http:\/\/www.w3.org\/2000\/svg\" width=\"12\" height=\"12\" fill=\"none\" viewbox=\"0 0 12 12\">\n\t\t\t\t<path fill=\"#fff\" d=\"M2 0a2 2 0 0 0-2 2v2h1.5V2a.5.5 0 0 1 .5-.5h2V0H2Zm2 10.5H2a.5.5 0 0 1-.5-.5V8H0v2a2 2 0 0 0 2 2h2v-1.5ZM8 12v-1.5h2a.5.5 0 0 0 .5-.5V8H12v2a2 2 0 0 1-2 2H8Zm2-12a2 2 0 0 1 2 2v2h-1.5V2a.5.5 0 0 0-.5-.5H8V0h2Z\" \/>\n\t\t\t<\/svg>\n\t\t<\/button><\/figure>\n\n\n\n<figure data-wp-context=\"{&quot;imageId&quot;:&quot;69eb3eed84637&quot;}\" data-wp-interactive=\"core\/image\" data-wp-key=\"69eb3eed84637\" class=\"wp-block-image size-full wp-lightbox-container\"><img loading=\"lazy\" decoding=\"async\" width=\"2560\" height=\"1896\" data-wp-class--hide=\"state.isContentHidden\" data-wp-class--show=\"state.isContentVisible\" data-wp-init=\"callbacks.setButtonStyles\" data-wp-on--click=\"actions.showLightbox\" data-wp-on--load=\"callbacks.setButtonStyles\" data-wp-on-window--resize=\"callbacks.setButtonStyles\" data-id=\"260\" src=\"http:\/\/amelbeslagic.com\/wp-content\/uploads\/2024\/10\/1_1-scaled.jpg\" alt=\"\" class=\"wp-image-260\" srcset=\"https:\/\/amelbeslagic.com\/wp-content\/uploads\/2024\/10\/1_1-scaled.jpg 2560w, https:\/\/amelbeslagic.com\/wp-content\/uploads\/2024\/10\/1_1-300x222.jpg 300w, https:\/\/amelbeslagic.com\/wp-content\/uploads\/2024\/10\/1_1-1024x759.jpg 1024w, https:\/\/amelbeslagic.com\/wp-content\/uploads\/2024\/10\/1_1-768x569.jpg 768w, https:\/\/amelbeslagic.com\/wp-content\/uploads\/2024\/10\/1_1-1536x1138.jpg 1536w, https:\/\/amelbeslagic.com\/wp-content\/uploads\/2024\/10\/1_1-2048x1517.jpg 2048w\" sizes=\"auto, (max-width: 2560px) 100vw, 2560px\" \/><button\n\t\t\tclass=\"lightbox-trigger\"\n\t\t\ttype=\"button\"\n\t\t\taria-haspopup=\"dialog\"\n\t\t\taria-label=\"Enlarge\"\n\t\t\tdata-wp-init=\"callbacks.initTriggerButton\"\n\t\t\tdata-wp-on--click=\"actions.showLightbox\"\n\t\t\tdata-wp-style--right=\"state.imageButtonRight\"\n\t\t\tdata-wp-style--top=\"state.imageButtonTop\"\n\t\t>\n\t\t\t<svg xmlns=\"http:\/\/www.w3.org\/2000\/svg\" width=\"12\" height=\"12\" fill=\"none\" viewbox=\"0 0 12 12\">\n\t\t\t\t<path fill=\"#fff\" d=\"M2 0a2 2 0 0 0-2 2v2h1.5V2a.5.5 0 0 1 .5-.5h2V0H2Zm2 10.5H2a.5.5 0 0 1-.5-.5V8H0v2a2 2 0 0 0 2 2h2v-1.5ZM8 12v-1.5h2a.5.5 0 0 0 .5-.5V8H12v2a2 2 0 0 1-2 2H8Zm2-12a2 2 0 0 1 2 2v2h-1.5V2a.5.5 0 0 0-.5-.5H8V0h2Z\" \/>\n\t\t\t<\/svg>\n\t\t<\/button><\/figure>\n<\/figure>\n\n\n\n<p class=\"has-text-color has-link-color has-afacad-font-family wp-elements-5c129317a47d258bdc3e1c89d2931c4b\" style=\"color:#949494;font-style:normal;font-weight:300\"><em>\u00a9 Amel Be\u0161lagi\u0107 2024<\/em><\/p>\n<\/div>\n<\/div>","protected":false},"excerpt":{"rendered":"<p>projekti Datum: 11.07.2024Mjesto: Srebrenica, Bosna &amp; Hercegovina Serija fotografija prikazuje atmosferu 11. jula, u Memorijalnom centru Poto\u010dari, na dan sje\u0107anja na nevino ubijene \u017ertve genocida u Srebrenici. \u00a9 Amel Be\u0161lagi\u0107 2024<\/p>","protected":false},"author":1,"featured_media":0,"parent":11,"menu_order":0,"comment_status":"closed","ping_status":"closed","template":"","meta":{"_themeisle_gutenberg_block_has_review":false,"footnotes":""},"class_list":["post-253","page","type-page","status-publish","hentry"],"_links":{"self":[{"href":"https:\/\/amelbeslagic.com\/en\/wp-json\/wp\/v2\/pages\/253","targetHints":{"allow":["GET"]}}],"collection":[{"href":"https:\/\/amelbeslagic.com\/en\/wp-json\/wp\/v2\/pages"}],"about":[{"href":"https:\/\/amelbeslagic.com\/en\/wp-json\/wp\/v2\/types\/page"}],"author":[{"embeddable":true,"href":"https:\/\/amelbeslagic.com\/en\/wp-json\/wp\/v2\/users\/1"}],"replies":[{"embeddable":true,"href":"https:\/\/amelbeslagic.com\/en\/wp-json\/wp\/v2\/comments?post=253"}],"version-history":[{"count":8,"href":"https:\/\/amelbeslagic.com\/en\/wp-json\/wp\/v2\/pages\/253\/revisions"}],"predecessor-version":[{"id":507,"href":"https:\/\/amelbeslagic.com\/en\/wp-json\/wp\/v2\/pages\/253\/revisions\/507"}],"up":[{"embeddable":true,"href":"https:\/\/amelbeslagic.com\/en\/wp-json\/wp\/v2\/pages\/11"}],"wp:attachment":[{"href":"https:\/\/amelbeslagic.com\/en\/wp-json\/wp\/v2\/media?parent=253"}],"curies":[{"name":"wp","href":"https:\/\/api.w.org\/{rel}","templated":true}]}}