{"id":310,"date":"2024-10-07T18:24:56","date_gmt":"2024-10-07T18:24:56","guid":{"rendered":"http:\/\/amelbeslagic.com\/?page_id=310"},"modified":"2024-11-28T14:31:04","modified_gmt":"2024-11-28T14:31:04","slug":"kolazi-sjecanja","status":"publish","type":"page","link":"https:\/\/amelbeslagic.com\/en\/projekti\/kolazi-sjecanja\/","title":{"rendered":"Memory collages"},"content":{"rendered":"<div class=\"wp-block-columns alignfull are-vertically-aligned-top is-layout-flex wp-container-core-columns-is-layout-28f84493 wp-block-columns-is-layout-flex\">\n<div class=\"wp-block-column is-vertically-aligned-top is-layout-flow wp-block-column-is-layout-flow\" style=\"flex-basis:33.33%\">\n<div class=\"wp-block-group is-content-justification-left is-nowrap is-layout-flex wp-container-core-group-is-layout-ad866115 wp-block-group-is-layout-flex\" style=\"padding-right:var(--wp--preset--spacing--30);padding-left:var(--wp--preset--spacing--30)\">\n<div id=\"wp-block-themeisle-blocks-font-awesome-icons-b622c58b\" class=\"wp-block-themeisle-blocks-font-awesome-icons\"><span class=\"wp-block-themeisle-blocks-font-awesome-icons-container\"><a href=\"http:\/\/amelbeslagic.com\/en\/\" target=\"_self\" rel=\"noopener noreferrer\"><i class=\"fas fa-chevron-left\"><\/i><\/a><\/span><\/div>\n\n\n\n<p class=\"has-text-color has-link-color has-afacad-font-family wp-elements-1df6a95d57684d43e1599329b8c6c8e0\" style=\"color:#cfcfcf;font-size:clamp(14px, 0.875rem + ((1vw - 3.2px) * 0.488), 18px);font-style:normal;font-weight:100\">projects<\/p>\n<\/div>\n<\/div>\n<\/div>\n\n\n\n<div class=\"wp-block-columns alignwide is-layout-flex wp-container-core-columns-is-layout-28f84493 wp-block-columns-is-layout-flex\">\n<div class=\"wp-block-column is-layout-flow wp-block-column-is-layout-flow\">\n<h2 id=\"wp-block-themeisle-blocks-advanced-heading-6c9fe4b2\" class=\"wp-block-themeisle-blocks-advanced-heading wp-block-themeisle-blocks-advanced-heading-6c9fe4b2 o-typing-fast\"><o-anim-typing>COLLAGES OF MEMORIES<\/o-anim-typing><\/h2>\n\n\n\n<p class=\"has-text-color has-link-color has-afacad-font-family wp-elements-37b489b5f1e1beb8da553a83c0c6cd1b\" style=\"color:#cfcfcf;font-style:normal;font-weight:300\">Date: 2013 - 2022<br>Location: Kozarac, Bosnia &amp; Hercegovina<\/p>\n\n\n\n<p class=\"has-text-align-left o-typing-delay-4s has-text-color has-link-color has-afacad-font-family wp-elements-5a349e0090b83797610ee34065397876\" style=\"color:#cfcfcf;font-style:normal;font-weight:300\">The project, developed partially between 2009 and 2022, draws parallels among objects, people, and time within a shared space. Through collage techniques, the author seeks to reconcile differences caused by a violent transformation\u2014the war in his own place of origin.<br>The series of collages was first exhibited in July 2022 in Kozarac, marking his debut solo exhibition in his hometown.<br><br>Old photographs used in creating the collages were provided by the civic association \"Optimisti2004-Kozarac.\"<\/p>\n\n\n\n<div style=\"height:67px\" aria-hidden=\"true\" class=\"wp-block-spacer\"><\/div>\n<\/div>\n<\/div>\n\n\n\n<div class=\"wp-block-columns alignwide is-layout-flex wp-container-core-columns-is-layout-28f84493 wp-block-columns-is-layout-flex\">\n<div class=\"wp-block-column has-ti-fg-background-color has-background is-layout-flow wp-block-column-is-layout-flow\">\n<figure class=\"wp-block-gallery alignwide has-nested-images columns-3 is-cropped animated fadeIn delay-200ms wp-block-gallery-1 is-layout-flex wp-block-gallery-is-layout-flex\">\n<figure data-wp-context=\"{&quot;imageId&quot;:&quot;69eb3f5b6def5&quot;}\" data-wp-interactive=\"core\/image\" data-wp-key=\"69eb3f5b6def5\" class=\"wp-block-image size-full wp-lightbox-container\"><img loading=\"lazy\" decoding=\"async\" width=\"2560\" height=\"1907\" data-wp-class--hide=\"state.isContentHidden\" data-wp-class--show=\"state.isContentVisible\" data-wp-init=\"callbacks.setButtonStyles\" data-wp-on--click=\"actions.showLightbox\" data-wp-on--load=\"callbacks.setButtonStyles\" data-wp-on-window--resize=\"callbacks.setButtonStyles\" data-id=\"324\" src=\"http:\/\/amelbeslagic.com\/wp-content\/uploads\/2024\/10\/KINO-cover-scaled.jpg\" alt=\"\" class=\"wp-image-324\" srcset=\"https:\/\/amelbeslagic.com\/wp-content\/uploads\/2024\/10\/KINO-cover-scaled.jpg 2560w, https:\/\/amelbeslagic.com\/wp-content\/uploads\/2024\/10\/KINO-cover-300x224.jpg 300w, https:\/\/amelbeslagic.com\/wp-content\/uploads\/2024\/10\/KINO-cover-1024x763.jpg 1024w, https:\/\/amelbeslagic.com\/wp-content\/uploads\/2024\/10\/KINO-cover-768x572.jpg 768w, https:\/\/amelbeslagic.com\/wp-content\/uploads\/2024\/10\/KINO-cover-1536x1144.jpg 1536w, https:\/\/amelbeslagic.com\/wp-content\/uploads\/2024\/10\/KINO-cover-2048x1526.jpg 2048w\" sizes=\"auto, (max-width: 2560px) 100vw, 2560px\" \/><button\n\t\t\tclass=\"lightbox-trigger\"\n\t\t\ttype=\"button\"\n\t\t\taria-haspopup=\"dialog\"\n\t\t\taria-label=\"Enlarge\"\n\t\t\tdata-wp-init=\"callbacks.initTriggerButton\"\n\t\t\tdata-wp-on--click=\"actions.showLightbox\"\n\t\t\tdata-wp-style--right=\"state.imageButtonRight\"\n\t\t\tdata-wp-style--top=\"state.imageButtonTop\"\n\t\t>\n\t\t\t<svg xmlns=\"http:\/\/www.w3.org\/2000\/svg\" width=\"12\" height=\"12\" fill=\"none\" viewbox=\"0 0 12 12\">\n\t\t\t\t<path fill=\"#fff\" d=\"M2 0a2 2 0 0 0-2 2v2h1.5V2a.5.5 0 0 1 .5-.5h2V0H2Zm2 10.5H2a.5.5 0 0 1-.5-.5V8H0v2a2 2 0 0 0 2 2h2v-1.5ZM8 12v-1.5h2a.5.5 0 0 0 .5-.5V8H12v2a2 2 0 0 1-2 2H8Zm2-12a2 2 0 0 1 2 2v2h-1.5V2a.5.5 0 0 0-.5-.5H8V0h2Z\" \/>\n\t\t\t<\/svg>\n\t\t<\/button><\/figure>\n\n\n\n<figure data-wp-context=\"{&quot;imageId&quot;:&quot;69eb3f5b6d0b8&quot;}\" data-wp-interactive=\"core\/image\" data-wp-key=\"69eb3f5b6d0b8\" class=\"wp-block-image size-full wp-lightbox-container\"><img loading=\"lazy\" decoding=\"async\" width=\"2560\" height=\"1792\" data-wp-class--hide=\"state.isContentHidden\" data-wp-class--show=\"state.isContentVisible\" data-wp-init=\"callbacks.setButtonStyles\" data-wp-on--click=\"actions.showLightbox\" data-wp-on--load=\"callbacks.setButtonStyles\" data-wp-on-window--resize=\"callbacks.setButtonStyles\" data-id=\"318\" src=\"http:\/\/amelbeslagic.com\/wp-content\/uploads\/2024\/10\/HADZICI-scaled.jpg\" alt=\"\" class=\"wp-image-318\" srcset=\"https:\/\/amelbeslagic.com\/wp-content\/uploads\/2024\/10\/HADZICI-scaled.jpg 2560w, https:\/\/amelbeslagic.com\/wp-content\/uploads\/2024\/10\/HADZICI-300x210.jpg 300w, https:\/\/amelbeslagic.com\/wp-content\/uploads\/2024\/10\/HADZICI-1024x717.jpg 1024w, https:\/\/amelbeslagic.com\/wp-content\/uploads\/2024\/10\/HADZICI-768x538.jpg 768w, https:\/\/amelbeslagic.com\/wp-content\/uploads\/2024\/10\/HADZICI-1536x1075.jpg 1536w, https:\/\/amelbeslagic.com\/wp-content\/uploads\/2024\/10\/HADZICI-2048x1434.jpg 2048w\" sizes=\"auto, (max-width: 2560px) 100vw, 2560px\" \/><button\n\t\t\tclass=\"lightbox-trigger\"\n\t\t\ttype=\"button\"\n\t\t\taria-haspopup=\"dialog\"\n\t\t\taria-label=\"Enlarge\"\n\t\t\tdata-wp-init=\"callbacks.initTriggerButton\"\n\t\t\tdata-wp-on--click=\"actions.showLightbox\"\n\t\t\tdata-wp-style--right=\"state.imageButtonRight\"\n\t\t\tdata-wp-style--top=\"state.imageButtonTop\"\n\t\t>\n\t\t\t<svg xmlns=\"http:\/\/www.w3.org\/2000\/svg\" width=\"12\" height=\"12\" fill=\"none\" viewbox=\"0 0 12 12\">\n\t\t\t\t<path fill=\"#fff\" d=\"M2 0a2 2 0 0 0-2 2v2h1.5V2a.5.5 0 0 1 .5-.5h2V0H2Zm2 10.5H2a.5.5 0 0 1-.5-.5V8H0v2a2 2 0 0 0 2 2h2v-1.5ZM8 12v-1.5h2a.5.5 0 0 0 .5-.5V8H12v2a2 2 0 0 1-2 2H8Zm2-12a2 2 0 0 1 2 2v2h-1.5V2a.5.5 0 0 0-.5-.5H8V0h2Z\" \/>\n\t\t\t<\/svg>\n\t\t<\/button><\/figure>\n\n\n\n<figure data-wp-context=\"{&quot;imageId&quot;:&quot;69eb3f5b6c207&quot;}\" data-wp-interactive=\"core\/image\" data-wp-key=\"69eb3f5b6c207\" class=\"wp-block-image size-full wp-lightbox-container\"><img loading=\"lazy\" decoding=\"async\" width=\"2560\" height=\"1792\" data-wp-class--hide=\"state.isContentHidden\" data-wp-class--show=\"state.isContentVisible\" data-wp-init=\"callbacks.setButtonStyles\" data-wp-on--click=\"actions.showLightbox\" data-wp-on--load=\"callbacks.setButtonStyles\" data-wp-on-window--resize=\"callbacks.setButtonStyles\" data-id=\"312\" src=\"http:\/\/amelbeslagic.com\/wp-content\/uploads\/2024\/10\/Auto_Dera-scaled.jpg\" alt=\"\" class=\"wp-image-312\" srcset=\"https:\/\/amelbeslagic.com\/wp-content\/uploads\/2024\/10\/Auto_Dera-scaled.jpg 2560w, https:\/\/amelbeslagic.com\/wp-content\/uploads\/2024\/10\/Auto_Dera-300x210.jpg 300w, https:\/\/amelbeslagic.com\/wp-content\/uploads\/2024\/10\/Auto_Dera-1024x717.jpg 1024w, https:\/\/amelbeslagic.com\/wp-content\/uploads\/2024\/10\/Auto_Dera-768x538.jpg 768w, https:\/\/amelbeslagic.com\/wp-content\/uploads\/2024\/10\/Auto_Dera-1536x1075.jpg 1536w, https:\/\/amelbeslagic.com\/wp-content\/uploads\/2024\/10\/Auto_Dera-2048x1434.jpg 2048w\" sizes=\"auto, (max-width: 2560px) 100vw, 2560px\" \/><button\n\t\t\tclass=\"lightbox-trigger\"\n\t\t\ttype=\"button\"\n\t\t\taria-haspopup=\"dialog\"\n\t\t\taria-label=\"Enlarge\"\n\t\t\tdata-wp-init=\"callbacks.initTriggerButton\"\n\t\t\tdata-wp-on--click=\"actions.showLightbox\"\n\t\t\tdata-wp-style--right=\"state.imageButtonRight\"\n\t\t\tdata-wp-style--top=\"state.imageButtonTop\"\n\t\t>\n\t\t\t<svg xmlns=\"http:\/\/www.w3.org\/2000\/svg\" width=\"12\" height=\"12\" fill=\"none\" viewbox=\"0 0 12 12\">\n\t\t\t\t<path fill=\"#fff\" d=\"M2 0a2 2 0 0 0-2 2v2h1.5V2a.5.5 0 0 1 .5-.5h2V0H2Zm2 10.5H2a.5.5 0 0 1-.5-.5V8H0v2a2 2 0 0 0 2 2h2v-1.5ZM8 12v-1.5h2a.5.5 0 0 0 .5-.5V8H12v2a2 2 0 0 1-2 2H8Zm2-12a2 2 0 0 1 2 2v2h-1.5V2a.5.5 0 0 0-.5-.5H8V0h2Z\" \/>\n\t\t\t<\/svg>\n\t\t<\/button><\/figure>\n\n\n\n<figure data-wp-context=\"{&quot;imageId&quot;:&quot;69eb3f5b6ecf6&quot;}\" data-wp-interactive=\"core\/image\" data-wp-key=\"69eb3f5b6ecf6\" class=\"wp-block-image size-full wp-lightbox-container\"><img loading=\"lazy\" decoding=\"async\" width=\"2560\" height=\"1792\" data-wp-class--hide=\"state.isContentHidden\" data-wp-class--show=\"state.isContentVisible\" data-wp-init=\"callbacks.setButtonStyles\" data-wp-on--click=\"actions.showLightbox\" data-wp-on--load=\"callbacks.setButtonStyles\" data-wp-on-window--resize=\"callbacks.setButtonStyles\" data-id=\"330\" src=\"http:\/\/amelbeslagic.com\/wp-content\/uploads\/2024\/10\/PANORAMA-scaled.jpg\" alt=\"\" class=\"wp-image-330\" srcset=\"https:\/\/amelbeslagic.com\/wp-content\/uploads\/2024\/10\/PANORAMA-scaled.jpg 2560w, https:\/\/amelbeslagic.com\/wp-content\/uploads\/2024\/10\/PANORAMA-300x210.jpg 300w, https:\/\/amelbeslagic.com\/wp-content\/uploads\/2024\/10\/PANORAMA-1024x717.jpg 1024w, https:\/\/amelbeslagic.com\/wp-content\/uploads\/2024\/10\/PANORAMA-768x538.jpg 768w, https:\/\/amelbeslagic.com\/wp-content\/uploads\/2024\/10\/PANORAMA-1536x1075.jpg 1536w, https:\/\/amelbeslagic.com\/wp-content\/uploads\/2024\/10\/PANORAMA-2048x1434.jpg 2048w\" sizes=\"auto, (max-width: 2560px) 100vw, 2560px\" \/><button\n\t\t\tclass=\"lightbox-trigger\"\n\t\t\ttype=\"button\"\n\t\t\taria-haspopup=\"dialog\"\n\t\t\taria-label=\"Enlarge\"\n\t\t\tdata-wp-init=\"callbacks.initTriggerButton\"\n\t\t\tdata-wp-on--click=\"actions.showLightbox\"\n\t\t\tdata-wp-style--right=\"state.imageButtonRight\"\n\t\t\tdata-wp-style--top=\"state.imageButtonTop\"\n\t\t>\n\t\t\t<svg xmlns=\"http:\/\/www.w3.org\/2000\/svg\" width=\"12\" height=\"12\" fill=\"none\" viewbox=\"0 0 12 12\">\n\t\t\t\t<path fill=\"#fff\" d=\"M2 0a2 2 0 0 0-2 2v2h1.5V2a.5.5 0 0 1 .5-.5h2V0H2Zm2 10.5H2a.5.5 0 0 1-.5-.5V8H0v2a2 2 0 0 0 2 2h2v-1.5ZM8 12v-1.5h2a.5.5 0 0 0 .5-.5V8H12v2a2 2 0 0 1-2 2H8Zm2-12a2 2 0 0 1 2 2v2h-1.5V2a.5.5 0 0 0-.5-.5H8V0h2Z\" \/>\n\t\t\t<\/svg>\n\t\t<\/button><\/figure>\n\n\n\n<figure data-wp-context=\"{&quot;imageId&quot;:&quot;69eb3f5b6d7ea&quot;}\" data-wp-interactive=\"core\/image\" data-wp-key=\"69eb3f5b6d7ea\" class=\"wp-block-image size-full wp-lightbox-container\"><img loading=\"lazy\" decoding=\"async\" width=\"2560\" height=\"1792\" data-wp-class--hide=\"state.isContentHidden\" data-wp-class--show=\"state.isContentVisible\" data-wp-init=\"callbacks.setButtonStyles\" data-wp-on--click=\"actions.showLightbox\" data-wp-on--load=\"callbacks.setButtonStyles\" data-wp-on-window--resize=\"callbacks.setButtonStyles\" data-id=\"320\" src=\"http:\/\/amelbeslagic.com\/wp-content\/uploads\/2024\/10\/IGRALISTE-scaled.jpg\" alt=\"\" class=\"wp-image-320\" srcset=\"https:\/\/amelbeslagic.com\/wp-content\/uploads\/2024\/10\/IGRALISTE-scaled.jpg 2560w, https:\/\/amelbeslagic.com\/wp-content\/uploads\/2024\/10\/IGRALISTE-300x210.jpg 300w, https:\/\/amelbeslagic.com\/wp-content\/uploads\/2024\/10\/IGRALISTE-1024x717.jpg 1024w, https:\/\/amelbeslagic.com\/wp-content\/uploads\/2024\/10\/IGRALISTE-768x538.jpg 768w, https:\/\/amelbeslagic.com\/wp-content\/uploads\/2024\/10\/IGRALISTE-1536x1075.jpg 1536w, https:\/\/amelbeslagic.com\/wp-content\/uploads\/2024\/10\/IGRALISTE-2048x1434.jpg 2048w\" sizes=\"auto, (max-width: 2560px) 100vw, 2560px\" \/><button\n\t\t\tclass=\"lightbox-trigger\"\n\t\t\ttype=\"button\"\n\t\t\taria-haspopup=\"dialog\"\n\t\t\taria-label=\"Enlarge\"\n\t\t\tdata-wp-init=\"callbacks.initTriggerButton\"\n\t\t\tdata-wp-on--click=\"actions.showLightbox\"\n\t\t\tdata-wp-style--right=\"state.imageButtonRight\"\n\t\t\tdata-wp-style--top=\"state.imageButtonTop\"\n\t\t>\n\t\t\t<svg xmlns=\"http:\/\/www.w3.org\/2000\/svg\" width=\"12\" height=\"12\" fill=\"none\" viewbox=\"0 0 12 12\">\n\t\t\t\t<path fill=\"#fff\" d=\"M2 0a2 2 0 0 0-2 2v2h1.5V2a.5.5 0 0 1 .5-.5h2V0H2Zm2 10.5H2a.5.5 0 0 1-.5-.5V8H0v2a2 2 0 0 0 2 2h2v-1.5ZM8 12v-1.5h2a.5.5 0 0 0 .5-.5V8H12v2a2 2 0 0 1-2 2H8Zm2-12a2 2 0 0 1 2 2v2h-1.5V2a.5.5 0 0 0-.5-.5H8V0h2Z\" \/>\n\t\t\t<\/svg>\n\t\t<\/button><\/figure>\n\n\n\n<figure data-wp-context=\"{&quot;imageId&quot;:&quot;69eb3f5b6c9e0&quot;}\" data-wp-interactive=\"core\/image\" data-wp-key=\"69eb3f5b6c9e0\" class=\"wp-block-image size-full wp-lightbox-container\"><img loading=\"lazy\" decoding=\"async\" width=\"2560\" height=\"1792\" data-wp-class--hide=\"state.isContentHidden\" data-wp-class--show=\"state.isContentVisible\" data-wp-init=\"callbacks.setButtonStyles\" data-wp-on--click=\"actions.showLightbox\" data-wp-on--load=\"callbacks.setButtonStyles\" data-wp-on-window--resize=\"callbacks.setButtonStyles\" data-id=\"314\" src=\"http:\/\/amelbeslagic.com\/wp-content\/uploads\/2024\/10\/GORNJI-JAKUPOVICI-scaled.jpg\" alt=\"\" class=\"wp-image-314\" srcset=\"https:\/\/amelbeslagic.com\/wp-content\/uploads\/2024\/10\/GORNJI-JAKUPOVICI-scaled.jpg 2560w, https:\/\/amelbeslagic.com\/wp-content\/uploads\/2024\/10\/GORNJI-JAKUPOVICI-300x210.jpg 300w, https:\/\/amelbeslagic.com\/wp-content\/uploads\/2024\/10\/GORNJI-JAKUPOVICI-1024x717.jpg 1024w, https:\/\/amelbeslagic.com\/wp-content\/uploads\/2024\/10\/GORNJI-JAKUPOVICI-768x538.jpg 768w, https:\/\/amelbeslagic.com\/wp-content\/uploads\/2024\/10\/GORNJI-JAKUPOVICI-1536x1075.jpg 1536w, https:\/\/amelbeslagic.com\/wp-content\/uploads\/2024\/10\/GORNJI-JAKUPOVICI-2048x1434.jpg 2048w\" sizes=\"auto, (max-width: 2560px) 100vw, 2560px\" \/><button\n\t\t\tclass=\"lightbox-trigger\"\n\t\t\ttype=\"button\"\n\t\t\taria-haspopup=\"dialog\"\n\t\t\taria-label=\"Enlarge\"\n\t\t\tdata-wp-init=\"callbacks.initTriggerButton\"\n\t\t\tdata-wp-on--click=\"actions.showLightbox\"\n\t\t\tdata-wp-style--right=\"state.imageButtonRight\"\n\t\t\tdata-wp-style--top=\"state.imageButtonTop\"\n\t\t>\n\t\t\t<svg xmlns=\"http:\/\/www.w3.org\/2000\/svg\" width=\"12\" height=\"12\" fill=\"none\" viewbox=\"0 0 12 12\">\n\t\t\t\t<path fill=\"#fff\" d=\"M2 0a2 2 0 0 0-2 2v2h1.5V2a.5.5 0 0 1 .5-.5h2V0H2Zm2 10.5H2a.5.5 0 0 1-.5-.5V8H0v2a2 2 0 0 0 2 2h2v-1.5ZM8 12v-1.5h2a.5.5 0 0 0 .5-.5V8H12v2a2 2 0 0 1-2 2H8Zm2-12a2 2 0 0 1 2 2v2h-1.5V2a.5.5 0 0 0-.5-.5H8V0h2Z\" \/>\n\t\t\t<\/svg>\n\t\t<\/button><\/figure>\n\n\n\n<figure data-wp-context=\"{&quot;imageId&quot;:&quot;69eb3f5b6e617&quot;}\" data-wp-interactive=\"core\/image\" data-wp-key=\"69eb3f5b6e617\" class=\"wp-block-image size-full wp-lightbox-container\"><img loading=\"lazy\" decoding=\"async\" width=\"2560\" height=\"1792\" data-wp-class--hide=\"state.isContentHidden\" data-wp-class--show=\"state.isContentVisible\" data-wp-init=\"callbacks.setButtonStyles\" data-wp-on--click=\"actions.showLightbox\" data-wp-on--load=\"callbacks.setButtonStyles\" data-wp-on-window--resize=\"callbacks.setButtonStyles\" data-id=\"329\" src=\"http:\/\/amelbeslagic.com\/wp-content\/uploads\/2024\/10\/MUTNIK_FRONT-scaled.jpg\" alt=\"\" class=\"wp-image-329\" srcset=\"https:\/\/amelbeslagic.com\/wp-content\/uploads\/2024\/10\/MUTNIK_FRONT-scaled.jpg 2560w, https:\/\/amelbeslagic.com\/wp-content\/uploads\/2024\/10\/MUTNIK_FRONT-300x210.jpg 300w, https:\/\/amelbeslagic.com\/wp-content\/uploads\/2024\/10\/MUTNIK_FRONT-1024x717.jpg 1024w, https:\/\/amelbeslagic.com\/wp-content\/uploads\/2024\/10\/MUTNIK_FRONT-768x538.jpg 768w, https:\/\/amelbeslagic.com\/wp-content\/uploads\/2024\/10\/MUTNIK_FRONT-1536x1075.jpg 1536w, https:\/\/amelbeslagic.com\/wp-content\/uploads\/2024\/10\/MUTNIK_FRONT-2048x1434.jpg 2048w\" sizes=\"auto, (max-width: 2560px) 100vw, 2560px\" \/><button\n\t\t\tclass=\"lightbox-trigger\"\n\t\t\ttype=\"button\"\n\t\t\taria-haspopup=\"dialog\"\n\t\t\taria-label=\"Enlarge\"\n\t\t\tdata-wp-init=\"callbacks.initTriggerButton\"\n\t\t\tdata-wp-on--click=\"actions.showLightbox\"\n\t\t\tdata-wp-style--right=\"state.imageButtonRight\"\n\t\t\tdata-wp-style--top=\"state.imageButtonTop\"\n\t\t>\n\t\t\t<svg xmlns=\"http:\/\/www.w3.org\/2000\/svg\" width=\"12\" height=\"12\" fill=\"none\" viewbox=\"0 0 12 12\">\n\t\t\t\t<path fill=\"#fff\" d=\"M2 0a2 2 0 0 0-2 2v2h1.5V2a.5.5 0 0 1 .5-.5h2V0H2Zm2 10.5H2a.5.5 0 0 1-.5-.5V8H0v2a2 2 0 0 0 2 2h2v-1.5ZM8 12v-1.5h2a.5.5 0 0 0 .5-.5V8H12v2a2 2 0 0 1-2 2H8Zm2-12a2 2 0 0 1 2 2v2h-1.5V2a.5.5 0 0 0-.5-.5H8V0h2Z\" \/>\n\t\t\t<\/svg>\n\t\t<\/button><\/figure>\n<\/figure>\n<\/div>\n<\/div>\n\n\n\n<div class=\"wp-block-columns alignwide is-layout-flex wp-container-core-columns-is-layout-28f84493 wp-block-columns-is-layout-flex\">\n<div class=\"wp-block-column is-layout-flow wp-block-column-is-layout-flow\">\n<p class=\"has-text-color has-link-color has-afacad-font-family wp-elements-640fdcca6cc3afbcba247279bc6af961\" style=\"color:#949494;font-style:normal;font-weight:300\"><em>\u00a9 Amel Be\u0161lagi\u0107 2022<\/em><\/p>\n<\/div>\n<\/div>","protected":false},"excerpt":{"rendered":"<p>projekti Datum: 2013 &#8211; 2022Mjesto: Kozarac, Bosna &amp; Hercegovina Projekat koji je nastajao dijelom u 2009. i u 2022. godini povla\u010di paralelu izme\u0111u objekata, ljudi i vremena koji \u010dine jedan zajedni\u010dki prostor. Tehnikom kola\u017ea autor nastoji objediniti razlike prouzrokovane nasilnom transformacijom-ratom u mjestu odakle i saam dolazi.Serija kola\u017ea je prvi put izlo\u017eena u Kozarcu jula [&hellip;]<\/p>\n","protected":false},"author":1,"featured_media":0,"parent":11,"menu_order":0,"comment_status":"closed","ping_status":"closed","template":"","meta":{"_themeisle_gutenberg_block_has_review":false,"footnotes":""},"class_list":["post-310","page","type-page","status-publish","hentry"],"_links":{"self":[{"href":"https:\/\/amelbeslagic.com\/en\/wp-json\/wp\/v2\/pages\/310","targetHints":{"allow":["GET"]}}],"collection":[{"href":"https:\/\/amelbeslagic.com\/en\/wp-json\/wp\/v2\/pages"}],"about":[{"href":"https:\/\/amelbeslagic.com\/en\/wp-json\/wp\/v2\/types\/page"}],"author":[{"embeddable":true,"href":"https:\/\/amelbeslagic.com\/en\/wp-json\/wp\/v2\/users\/1"}],"replies":[{"embeddable":true,"href":"https:\/\/amelbeslagic.com\/en\/wp-json\/wp\/v2\/comments?post=310"}],"version-history":[{"count":7,"href":"https:\/\/amelbeslagic.com\/en\/wp-json\/wp\/v2\/pages\/310\/revisions"}],"predecessor-version":[{"id":596,"href":"https:\/\/amelbeslagic.com\/en\/wp-json\/wp\/v2\/pages\/310\/revisions\/596"}],"up":[{"embeddable":true,"href":"https:\/\/amelbeslagic.com\/en\/wp-json\/wp\/v2\/pages\/11"}],"wp:attachment":[{"href":"https:\/\/amelbeslagic.com\/en\/wp-json\/wp\/v2\/media?parent=310"}],"curies":[{"name":"wp","href":"https:\/\/api.w.org\/{rel}","templated":true}]}}