{"id":348,"date":"2024-10-07T19:06:55","date_gmt":"2024-10-07T19:06:55","guid":{"rendered":"http:\/\/amelbeslagic.com\/?page_id=348"},"modified":"2024-11-07T18:23:00","modified_gmt":"2024-11-07T18:23:00","slug":"hortus-conclusus","status":"publish","type":"page","link":"https:\/\/amelbeslagic.com\/en\/projekti\/hortus-conclusus\/","title":{"rendered":"hortus conclusus"},"content":{"rendered":"<div class=\"wp-block-columns alignfull are-vertically-aligned-top is-layout-flex wp-container-core-columns-is-layout-28f84493 wp-block-columns-is-layout-flex\">\n<div class=\"wp-block-column is-vertically-aligned-top is-layout-flow wp-block-column-is-layout-flow\" style=\"flex-basis:33.33%\">\n<div class=\"wp-block-group is-content-justification-left is-nowrap is-layout-flex wp-container-core-group-is-layout-ad866115 wp-block-group-is-layout-flex\" style=\"padding-right:var(--wp--preset--spacing--30);padding-left:var(--wp--preset--spacing--30)\">\n<div id=\"wp-block-themeisle-blocks-font-awesome-icons-b622c58b\" class=\"wp-block-themeisle-blocks-font-awesome-icons\"><span class=\"wp-block-themeisle-blocks-font-awesome-icons-container\"><a href=\"http:\/\/amelbeslagic.com\/en\/\" target=\"_self\" rel=\"noopener noreferrer\"><i class=\"fas fa-chevron-left\"><\/i><\/a><\/span><\/div>\n\n\n\n<p class=\"has-text-color has-link-color has-afacad-font-family wp-elements-1df6a95d57684d43e1599329b8c6c8e0\" style=\"color:#cfcfcf;font-size:clamp(14px, 0.875rem + ((1vw - 3.2px) * 0.488), 18px);font-style:normal;font-weight:100\">projects<\/p>\n<\/div>\n<\/div>\n<\/div>\n\n\n\n<div class=\"wp-block-columns alignwide is-layout-flex wp-container-core-columns-is-layout-28f84493 wp-block-columns-is-layout-flex\">\n<div class=\"wp-block-column is-layout-flow wp-block-column-is-layout-flow\">\n<h2 id=\"wp-block-themeisle-blocks-advanced-heading-6c9fe4b2\" class=\"wp-block-themeisle-blocks-advanced-heading wp-block-themeisle-blocks-advanced-heading-6c9fe4b2 o-typing-fast\"><o-anim-typing>HORTUS CONCLUSUS<\/o-anim-typing><\/h2>\n\n\n\n<p class=\"has-text-color has-link-color has-afacad-font-family wp-elements-ea702fd417b24a8f431c8da5fbb782e1\" style=\"color:#cfcfcf;font-style:normal;font-weight:300\">Date: 17.04.2022<br>Location: Kozarac, Bosnia &amp; Hercegovina<\/p>\n\n\n\n<p>The meanings of a garden enclosed between four walls, as well as the symbol of paradise on Earth, have for centuries represented an oasis in the midst of nothingness, as well as a mystical, at times elusive place.<br>This \"Hortus\" paradoxically reflects the situation in Bosnia and Herzegovina, 28 years after the end of the war. Three national groups, living together within four imagined walls, surrounded by the ruins of the past, bow their heads before the same constant leaders, failing to notice that the true \"HORTUS CONCLUSUS\" lies beyond these four walls.<\/p>\n\n\n\n<div style=\"height:67px\" aria-hidden=\"true\" class=\"wp-block-spacer\"><\/div>\n<\/div>\n<\/div>\n\n\n\n<div class=\"wp-block-columns alignwide is-layout-flex wp-container-core-columns-is-layout-28f84493 wp-block-columns-is-layout-flex\">\n<div class=\"wp-block-column is-layout-flow wp-block-column-is-layout-flow\">\n<figure class=\"wp-block-image alignwide size-large\"><img loading=\"lazy\" decoding=\"async\" width=\"1024\" height=\"716\" src=\"http:\/\/amelbeslagic.com\/wp-content\/uploads\/2024\/10\/Screenshot-2024-10-07-at-20.39.40-1024x716.png\" alt=\"\" class=\"wp-image-335\" srcset=\"https:\/\/amelbeslagic.com\/wp-content\/uploads\/2024\/10\/Screenshot-2024-10-07-at-20.39.40-1024x716.png 1024w, https:\/\/amelbeslagic.com\/wp-content\/uploads\/2024\/10\/Screenshot-2024-10-07-at-20.39.40-300x210.png 300w, https:\/\/amelbeslagic.com\/wp-content\/uploads\/2024\/10\/Screenshot-2024-10-07-at-20.39.40-768x537.png 768w, https:\/\/amelbeslagic.com\/wp-content\/uploads\/2024\/10\/Screenshot-2024-10-07-at-20.39.40-1536x1074.png 1536w, https:\/\/amelbeslagic.com\/wp-content\/uploads\/2024\/10\/Screenshot-2024-10-07-at-20.39.40-2048x1433.png 2048w\" sizes=\"auto, (max-width: 1024px) 100vw, 1024px\" \/><\/figure>\n\n\n\n<p class=\"has-text-color has-link-color has-afacad-font-family wp-elements-640fdcca6cc3afbcba247279bc6af961\" style=\"color:#949494;font-style:normal;font-weight:300\"><em>\u00a9 Amel Be\u0161lagi\u0107 2022<\/em><\/p>\n<\/div>\n<\/div>","protected":false},"excerpt":{"rendered":"<p>projekti Datum: 17.04.2022Mjesto: Kozarac, Bosna i Hercegovina Zna\u010denja ogra\u0111enog vrta, kao i simbol raja na Zemlji stolje\u0107ima predstavlja oazu\u00a0 u sred ni\u010dega, kao i\u00a0 misti\u010dno, na trenutke\u00a0 nedosti\u017eno mjesto.Ovaj &#8220;Hortus&#8221; paradoksalno predstavlja situaciju u Bosni i Hercegovini 28 godina od zavr\u0161etka rata. Tri nacionalne skupine \u017eive\u0107i zajedno unutar \u010detiri imaginizirana zida, okru\u017eeni ru\u0161evinama pro\u0161losti, pognutih [&hellip;]<\/p>\n","protected":false},"author":1,"featured_media":0,"parent":11,"menu_order":0,"comment_status":"closed","ping_status":"closed","template":"","meta":{"_themeisle_gutenberg_block_has_review":false,"footnotes":""},"class_list":["post-348","page","type-page","status-publish","hentry"],"_links":{"self":[{"href":"https:\/\/amelbeslagic.com\/en\/wp-json\/wp\/v2\/pages\/348","targetHints":{"allow":["GET"]}}],"collection":[{"href":"https:\/\/amelbeslagic.com\/en\/wp-json\/wp\/v2\/pages"}],"about":[{"href":"https:\/\/amelbeslagic.com\/en\/wp-json\/wp\/v2\/types\/page"}],"author":[{"embeddable":true,"href":"https:\/\/amelbeslagic.com\/en\/wp-json\/wp\/v2\/users\/1"}],"replies":[{"embeddable":true,"href":"https:\/\/amelbeslagic.com\/en\/wp-json\/wp\/v2\/comments?post=348"}],"version-history":[{"count":3,"href":"https:\/\/amelbeslagic.com\/en\/wp-json\/wp\/v2\/pages\/348\/revisions"}],"predecessor-version":[{"id":458,"href":"https:\/\/amelbeslagic.com\/en\/wp-json\/wp\/v2\/pages\/348\/revisions\/458"}],"up":[{"embeddable":true,"href":"https:\/\/amelbeslagic.com\/en\/wp-json\/wp\/v2\/pages\/11"}],"wp:attachment":[{"href":"https:\/\/amelbeslagic.com\/en\/wp-json\/wp\/v2\/media?parent=348"}],"curies":[{"name":"wp","href":"https:\/\/api.w.org\/{rel}","templated":true}]}}