{"id":459,"date":"2024-11-07T18:40:11","date_gmt":"2024-11-07T18:40:11","guid":{"rendered":"https:\/\/amelbeslagic.com\/?page_id=459"},"modified":"2024-11-13T13:34:24","modified_gmt":"2024-11-13T13:34:24","slug":"alternativne-trase","status":"publish","type":"page","link":"https:\/\/amelbeslagic.com\/en\/projekti\/alternativne-trase\/","title":{"rendered":"Alternativne trase"},"content":{"rendered":"<div class=\"wp-block-columns alignfull are-vertically-aligned-top is-layout-flex wp-container-core-columns-is-layout-28f84493 wp-block-columns-is-layout-flex\">\n<div class=\"wp-block-column is-vertically-aligned-top is-layout-flow wp-block-column-is-layout-flow\" style=\"flex-basis:33.33%\">\n<div class=\"wp-block-group is-content-justification-left is-nowrap is-layout-flex wp-container-core-group-is-layout-ad866115 wp-block-group-is-layout-flex\" style=\"padding-right:var(--wp--preset--spacing--30);padding-left:var(--wp--preset--spacing--30)\">\n<div id=\"wp-block-themeisle-blocks-font-awesome-icons-b622c58b\" class=\"wp-block-themeisle-blocks-font-awesome-icons\"><span class=\"wp-block-themeisle-blocks-font-awesome-icons-container\"><a href=\"http:\/\/amelbeslagic.com\/en\/\" target=\"_self\" rel=\"noopener noreferrer\"><i class=\"fas fa-chevron-left\"><\/i><\/a><\/span><\/div>\n\n\n\n<p class=\"has-text-color has-link-color has-afacad-font-family wp-elements-1df6a95d57684d43e1599329b8c6c8e0\" style=\"color:#cfcfcf;font-size:clamp(14px, 0.875rem + ((1vw - 3.2px) * 0.488), 18px);font-style:normal;font-weight:100\">projects<\/p>\n<\/div>\n<\/div>\n<\/div>\n\n\n\n<div class=\"wp-block-columns alignwide o-typing-fast is-layout-flex wp-container-core-columns-is-layout-954ec4bb wp-block-columns-is-layout-flex\" style=\"padding-right:var(--wp--preset--spacing--40);padding-left:var(--wp--preset--spacing--40)\">\n<div class=\"wp-block-column is-layout-flow wp-block-column-is-layout-flow\">\n<h2 id=\"wp-block-themeisle-blocks-advanced-heading-6c9fe4b2\" class=\"wp-block-themeisle-blocks-advanced-heading wp-block-themeisle-blocks-advanced-heading-6c9fe4b2 o-typing-fast\"><o-anim-typing>HIGHWAY PRIJEDOR-BANJA LUKA, ALTERNATIVE ROUTES<\/o-anim-typing><\/h2>\n\n\n\n<p class=\"has-text-color has-link-color has-afacad-font-family wp-elements-d35a158a4df44f5c5a3c363fc97f5b05\" style=\"color:#cfcfcf;font-style:normal;font-weight:300\">Date: 01.08.2020<br>Location: Kozarac, Bosnia &amp; Hercegovina<\/p>\n\n\n\n<p class=\"has-afacad-font-family\">The Maps were prepared and made by Be\u0161lagi\u0107  in coordination with the self organised Citizens\u2019 Initiative.<br>The displayed map represents a \"synopsis\" of several alternative routes compared to the one offered by the Banja Luka Institute of Civil Engineering (purple line).<br>Drone footage, field consultations, and drawing of maps were used to suggest alternative routes for the Prijedor-Banja Luka highway that would avoid demolition of buildings and the vivid life of Bosniak and Croatian returnees after the 1990s war in the Kozarac region (Bosnia and Herzegovina).<\/p>\n\n\n\n<div style=\"height:67px\" aria-hidden=\"true\" class=\"wp-block-spacer\"><\/div>\n<\/div>\n<\/div>\n\n\n\n<div class=\"wp-block-columns alignwide o-typing-fast is-layout-flex wp-container-core-columns-is-layout-e0e4babd wp-block-columns-is-layout-flex\" style=\"padding-right:0;padding-left:0\">\n<div class=\"wp-block-column is-layout-flow wp-block-column-is-layout-flow\">\n<figure class=\"wp-block-image alignwide size-full\"><img loading=\"lazy\" decoding=\"async\" width=\"2560\" height=\"1863\" src=\"http:\/\/amelbeslagic.com\/wp-content\/uploads\/2024\/11\/a3komplet-scaled.jpg\" alt=\"\" class=\"wp-image-461\" srcset=\"https:\/\/amelbeslagic.com\/wp-content\/uploads\/2024\/11\/a3komplet-scaled.jpg 2560w, https:\/\/amelbeslagic.com\/wp-content\/uploads\/2024\/11\/a3komplet-300x218.jpg 300w, https:\/\/amelbeslagic.com\/wp-content\/uploads\/2024\/11\/a3komplet-1024x745.jpg 1024w, https:\/\/amelbeslagic.com\/wp-content\/uploads\/2024\/11\/a3komplet-768x559.jpg 768w, https:\/\/amelbeslagic.com\/wp-content\/uploads\/2024\/11\/a3komplet-1536x1118.jpg 1536w, https:\/\/amelbeslagic.com\/wp-content\/uploads\/2024\/11\/a3komplet-2048x1491.jpg 2048w, https:\/\/amelbeslagic.com\/wp-content\/uploads\/2024\/11\/a3komplet-16x12.jpg 16w\" sizes=\"auto, (max-width: 2560px) 100vw, 2560px\" \/><\/figure>\n\n\n\n<p class=\"has-text-color has-link-color has-afacad-font-family wp-elements-640fdcca6cc3afbcba247279bc6af961\" style=\"color:#949494;font-style:normal;font-weight:300\"><em>\u00a9 Amel Be\u0161lagi\u0107 2022<\/em><\/p>\n<\/div>\n<\/div>","protected":false},"excerpt":{"rendered":"<p>projekti Datum: 01.08.2020Mjesto: Kozarac, Bosna i Hercegovina Mape je pripremio i izradio Be\u0161lagi\u0107 u koordinaciji sa samoorganiziranom inicijativom gra\u0111ana.Prikazana mapa predstavlja \u201csinopsis\u201d\u00a0 vi\u0161e alternativnih ruta u odnosu na onu ponu\u0111enu od strane Instituta gra\u0111evinarstva Banja Luka (ljubi\u010dasta linija).Snimke dronom, terenske konzultacije i crtanje karata kori\u0161teni su da se predlo\u017ee alternativni pravci za autocestu Prijedor-Banja Luka [&hellip;]<\/p>\n","protected":false},"author":1,"featured_media":461,"parent":11,"menu_order":0,"comment_status":"closed","ping_status":"closed","template":"","meta":{"_themeisle_gutenberg_block_has_review":false,"footnotes":""},"class_list":["post-459","page","type-page","status-publish","has-post-thumbnail","hentry"],"_links":{"self":[{"href":"https:\/\/amelbeslagic.com\/en\/wp-json\/wp\/v2\/pages\/459","targetHints":{"allow":["GET"]}}],"collection":[{"href":"https:\/\/amelbeslagic.com\/en\/wp-json\/wp\/v2\/pages"}],"about":[{"href":"https:\/\/amelbeslagic.com\/en\/wp-json\/wp\/v2\/types\/page"}],"author":[{"embeddable":true,"href":"https:\/\/amelbeslagic.com\/en\/wp-json\/wp\/v2\/users\/1"}],"replies":[{"embeddable":true,"href":"https:\/\/amelbeslagic.com\/en\/wp-json\/wp\/v2\/comments?post=459"}],"version-history":[{"count":10,"href":"https:\/\/amelbeslagic.com\/en\/wp-json\/wp\/v2\/pages\/459\/revisions"}],"predecessor-version":[{"id":584,"href":"https:\/\/amelbeslagic.com\/en\/wp-json\/wp\/v2\/pages\/459\/revisions\/584"}],"up":[{"embeddable":true,"href":"https:\/\/amelbeslagic.com\/en\/wp-json\/wp\/v2\/pages\/11"}],"wp:featuredmedia":[{"embeddable":true,"href":"https:\/\/amelbeslagic.com\/en\/wp-json\/wp\/v2\/media\/461"}],"wp:attachment":[{"href":"https:\/\/amelbeslagic.com\/en\/wp-json\/wp\/v2\/media?parent=459"}],"curies":[{"name":"wp","href":"https:\/\/api.w.org\/{rel}","templated":true}]}}